{"id":40056,"date":"2025-12-10T08:03:16","date_gmt":"2025-12-10T07:03:16","guid":{"rendered":"https:\/\/prestige-e.com\/product\/blackblum-tasse-de-voyage-en-verre-340ml\/"},"modified":"2025-12-10T08:03:16","modified_gmt":"2025-12-10T07:03:16","slug":"blackblum-tasse-de-voyage-en-verre-340ml","status":"publish","type":"product","link":"https:\/\/prestige-e.com\/fr\/produit\/blackblum-tasse-de-voyage-en-verre-340ml\/","title":{"rendered":"Black+Blum Tasse de voyage en verre 340ml"},"content":{"rendered":"","protected":false},"excerpt":{"rendered":"<p>Ce gobelet de voyage de 340 ml est fabriqu\u00e9 en verre borosilicat\u00e9 souffl\u00e9 \u00e0 la main, ce qui le rend \u00e0 la fois durable et l\u00e9ger. Son mat\u00e9riau au go\u00fbt neutre garantit la puret\u00e9 de vos boissons, tandis que sa conception enti\u00e8rement \u00e9tanche vous permet de vous d\u00e9placer en toute confiance. Le couvercle verrouillable s&rsquo;ouvre et se ferme facilement d&rsquo;une seule main, et un manchon de protection en silicone antid\u00e9rapant offre une prise en main confortable et s\u00fbre. Con\u00e7u pour s&rsquo;adapter aux porte-bouteilles de v\u00e9lo et aux porte-gobelets de voiture, il est aussi pratique qu&rsquo;\u00e9l\u00e9gant. Toutes les pi\u00e8ces sont sans BPA et passent au lave-vaisselle, et le couvercle se d\u00e9monte sans effort pour un nettoyage en profondeur.    <\/p>\n<p><strong><u>Dimension<\/u><\/strong>: 16,5 x 7,2 cm<\/p>\n<p><strong><u>Mat\u00e9riel<\/u><\/strong>: Verre et silicone<\/p>\n","protected":false},"featured_media":40009,"comment_status":"closed","ping_status":"closed","template":"","meta":{"inline_featured_image":false},"product_brand":[],"product_cat":[174,188,190,189],"product_tag":[],"class_list":{"0":"post-40056","1":"product","2":"type-product","3":"status-publish","4":"has-post-thumbnail","6":"product_cat-art-de-vivre","7":"product_cat-bouteilles-mugs-lifestyle","8":"product_cat-bouteilles-mugs-voyage","9":"product_cat-voyage","11":"first","12":"instock","13":"shipping-taxable","14":"purchasable","15":"product-type-simple"},"aioseo_notices":[],"_links":{"self":[{"href":"https:\/\/prestige-e.com\/fr\/wp-json\/wp\/v2\/product\/40056","targetHints":{"allow":["GET"]}}],"collection":[{"href":"https:\/\/prestige-e.com\/fr\/wp-json\/wp\/v2\/product"}],"about":[{"href":"https:\/\/prestige-e.com\/fr\/wp-json\/wp\/v2\/types\/product"}],"replies":[{"embeddable":true,"href":"https:\/\/prestige-e.com\/fr\/wp-json\/wp\/v2\/comments?post=40056"}],"wp:featuredmedia":[{"embeddable":true,"href":"https:\/\/prestige-e.com\/fr\/wp-json\/wp\/v2\/media\/40009"}],"wp:attachment":[{"href":"https:\/\/prestige-e.com\/fr\/wp-json\/wp\/v2\/media?parent=40056"}],"wp:term":[{"taxonomy":"product_brand","embeddable":true,"href":"https:\/\/prestige-e.com\/fr\/wp-json\/wp\/v2\/product_brand?post=40056"},{"taxonomy":"product_cat","embeddable":true,"href":"https:\/\/prestige-e.com\/fr\/wp-json\/wp\/v2\/product_cat?post=40056"},{"taxonomy":"product_tag","embeddable":true,"href":"https:\/\/prestige-e.com\/fr\/wp-json\/wp\/v2\/product_tag?post=40056"}],"curies":[{"name":"wp","href":"https:\/\/api.w.org\/{rel}","templated":true}]}}