{"id":40049,"date":"2025-12-10T08:09:22","date_gmt":"2025-12-10T07:09:22","guid":{"rendered":"https:\/\/prestige-e.com\/product\/vinga-avery-rcs-lampe-de-table\/"},"modified":"2025-12-10T12:02:48","modified_gmt":"2025-12-10T11:02:48","slug":"vinga-avery-rcs-lampe-de-table","status":"publish","type":"product","link":"https:\/\/prestige-e.com\/fr\/produit\/vinga-avery-rcs-lampe-de-table\/","title":{"rendered":"Lampe de table"},"content":{"rendered":"","protected":false},"excerpt":{"rendered":"<p>Une lampe compacte au design moderne qui apporte \u00e0 la fois du caract\u00e8re et du style. Fabriqu\u00e9e en m\u00e9tal et en ABS recycl\u00e9. La lampe est dot\u00e9e d&rsquo;une fonction tactile sur le dessus pour basculer entre la lumi\u00e8re chaude, la lumi\u00e8re blanche et la lumi\u00e8re blanche chaude. Elle est rechargeable via USB-C (c\u00e2ble inclus) et offre jusqu&rsquo;\u00e0 8 heures d&rsquo;\u00e9clairage. Certifi\u00e9e par RCS (Recycled Claim Standard), la certification RCS garantit que l&rsquo;ensemble de la cha\u00eene d&rsquo;approvisionnement en mat\u00e9riaux recycl\u00e9s est certifi\u00e9e. Le contenu recycl\u00e9 total est bas\u00e9 sur le poids total du produit. Ce produit contient 7 % d&rsquo;ABS recycl\u00e9 certifi\u00e9 RCS.<\/p>\n<p><strong><u>Dimensions : 24 x 14 cm<\/u><\/strong>24 x 14 cm<\/p>\n<p><strong><u>Mat\u00e9riau<\/u><\/strong> : ABS recycl\u00e9<\/p>\n","protected":false},"featured_media":40045,"comment_status":"closed","ping_status":"closed","template":"","meta":{"inline_featured_image":false},"product_brand":[],"product_cat":[174,211,152,220],"product_tag":[],"class_list":{"0":"post-40049","1":"product","2":"type-product","3":"status-publish","4":"has-post-thumbnail","6":"product_cat-art-de-vivre","7":"product_cat-articles-pour-la-maison-ecologie","8":"product_cat-ecologie","9":"product_cat-salon-cuisine-art-de-vivre","11":"first","12":"instock","13":"shipping-taxable","14":"purchasable","15":"product-type-simple"},"aioseo_notices":[],"_links":{"self":[{"href":"https:\/\/prestige-e.com\/fr\/wp-json\/wp\/v2\/product\/40049","targetHints":{"allow":["GET"]}}],"collection":[{"href":"https:\/\/prestige-e.com\/fr\/wp-json\/wp\/v2\/product"}],"about":[{"href":"https:\/\/prestige-e.com\/fr\/wp-json\/wp\/v2\/types\/product"}],"replies":[{"embeddable":true,"href":"https:\/\/prestige-e.com\/fr\/wp-json\/wp\/v2\/comments?post=40049"}],"wp:featuredmedia":[{"embeddable":true,"href":"https:\/\/prestige-e.com\/fr\/wp-json\/wp\/v2\/media\/40045"}],"wp:attachment":[{"href":"https:\/\/prestige-e.com\/fr\/wp-json\/wp\/v2\/media?parent=40049"}],"wp:term":[{"taxonomy":"product_brand","embeddable":true,"href":"https:\/\/prestige-e.com\/fr\/wp-json\/wp\/v2\/product_brand?post=40049"},{"taxonomy":"product_cat","embeddable":true,"href":"https:\/\/prestige-e.com\/fr\/wp-json\/wp\/v2\/product_cat?post=40049"},{"taxonomy":"product_tag","embeddable":true,"href":"https:\/\/prestige-e.com\/fr\/wp-json\/wp\/v2\/product_tag?post=40049"}],"curies":[{"name":"wp","href":"https:\/\/api.w.org\/{rel}","templated":true}]}}