{"id":40044,"date":"2025-12-10T08:25:01","date_gmt":"2025-12-10T07:25:01","guid":{"rendered":"https:\/\/prestige-e.com\/product\/bougie-riuada\/"},"modified":"2025-12-10T08:25:01","modified_gmt":"2025-12-10T07:25:01","slug":"bougie-riuada","status":"publish","type":"product","link":"https:\/\/prestige-e.com\/fr\/produit\/bougie-riuada\/","title":{"rendered":"Bougie &#8211; Riuada"},"content":{"rendered":"","protected":false},"excerpt":{"rendered":"<p>Tr\u00e8s grande bougie en cire v\u00e9g\u00e9tale parfum\u00e9e \u00e0 la vanille 1300gr en verre avec 2 m\u00e8ches en bois et un motif de ruche sur le dessus. Dur\u00e9e de combustion : 70 heures <\/p>\n<p><strong><u>Dimension<\/u><\/strong>: 14 x 14 x 14 cm<\/p>\n<p><strong><u>Mat\u00e9riau<\/u><\/strong> : verre<\/p>\n","protected":false},"featured_media":40020,"comment_status":"closed","ping_status":"closed","template":"","meta":{"inline_featured_image":false},"product_brand":[],"product_cat":[174,182,220],"product_tag":[],"class_list":{"0":"post-40044","1":"product","2":"type-product","3":"status-publish","4":"has-post-thumbnail","6":"product_cat-art-de-vivre","7":"product_cat-salle-de-bain-art-de-vivre","8":"product_cat-salon-cuisine-art-de-vivre","10":"first","11":"instock","12":"shipping-taxable","13":"purchasable","14":"product-type-simple"},"aioseo_notices":[],"_links":{"self":[{"href":"https:\/\/prestige-e.com\/fr\/wp-json\/wp\/v2\/product\/40044","targetHints":{"allow":["GET"]}}],"collection":[{"href":"https:\/\/prestige-e.com\/fr\/wp-json\/wp\/v2\/product"}],"about":[{"href":"https:\/\/prestige-e.com\/fr\/wp-json\/wp\/v2\/types\/product"}],"replies":[{"embeddable":true,"href":"https:\/\/prestige-e.com\/fr\/wp-json\/wp\/v2\/comments?post=40044"}],"wp:featuredmedia":[{"embeddable":true,"href":"https:\/\/prestige-e.com\/fr\/wp-json\/wp\/v2\/media\/40020"}],"wp:attachment":[{"href":"https:\/\/prestige-e.com\/fr\/wp-json\/wp\/v2\/media?parent=40044"}],"wp:term":[{"taxonomy":"product_brand","embeddable":true,"href":"https:\/\/prestige-e.com\/fr\/wp-json\/wp\/v2\/product_brand?post=40044"},{"taxonomy":"product_cat","embeddable":true,"href":"https:\/\/prestige-e.com\/fr\/wp-json\/wp\/v2\/product_cat?post=40044"},{"taxonomy":"product_tag","embeddable":true,"href":"https:\/\/prestige-e.com\/fr\/wp-json\/wp\/v2\/product_tag?post=40044"}],"curies":[{"name":"wp","href":"https:\/\/api.w.org\/{rel}","templated":true}]}}