{"id":39311,"date":"2024-07-22T13:14:07","date_gmt":"2024-07-22T11:14:07","guid":{"rendered":"https:\/\/prestige-e.com\/product\/jeu-de-corn-hole-mini-lord-nelson\/"},"modified":"2025-11-27T13:26:18","modified_gmt":"2025-11-27T12:26:18","slug":"jeu-de-corn-hole-mini-lord-nelson","status":"publish","type":"product","link":"https:\/\/prestige-e.com\/fr\/produit\/jeu-de-corn-hole-mini-lord-nelson\/","title":{"rendered":"Jeu de corn hole mini Lord Nelson"},"content":{"rendered":"","protected":false},"excerpt":{"rendered":"<p>Le cornhole est amusant, facile et constitue un jeu parfait pour d\u00e9fier vos coll\u00e8gues, votre famille ou vos amis. Emball\u00e9 individuellement dans un sac de transport adapt\u00e9. Le jeu trouve ses origines en Am\u00e9rique du Nord et se joue aussi bien en int\u00e9rieur qu&rsquo;en ext\u00e9rieur. Le plateau est l\u00e9g\u00e8rement inclin\u00e9 et comporte un trou. L&rsquo;objectif est de lancer les petits sacs dans ce trou \u00e0 distance. \u00c0 chaque fois que le sac entre, vous marquez des points.     <\/p>\n<p><strong><u>Dimension<\/u><\/strong> : 30 x 50 x 4 cm<\/p>\n<p><strong><u>Mat\u00e9riau<\/u><\/strong> : Bois<\/p>\n","protected":false},"featured_media":38439,"comment_status":"closed","ping_status":"closed","template":"","meta":{"inline_featured_image":false},"product_brand":[],"product_cat":[179],"product_tag":[],"class_list":{"0":"post-39311","1":"product","2":"type-product","3":"status-publish","4":"has-post-thumbnail","6":"product_cat-jeux-jouet-art-de-vivre","8":"first","9":"instock","10":"shipping-taxable","11":"purchasable","12":"product-type-simple"},"aioseo_notices":[],"_links":{"self":[{"href":"https:\/\/prestige-e.com\/fr\/wp-json\/wp\/v2\/product\/39311","targetHints":{"allow":["GET"]}}],"collection":[{"href":"https:\/\/prestige-e.com\/fr\/wp-json\/wp\/v2\/product"}],"about":[{"href":"https:\/\/prestige-e.com\/fr\/wp-json\/wp\/v2\/types\/product"}],"replies":[{"embeddable":true,"href":"https:\/\/prestige-e.com\/fr\/wp-json\/wp\/v2\/comments?post=39311"}],"wp:featuredmedia":[{"embeddable":true,"href":"https:\/\/prestige-e.com\/fr\/wp-json\/wp\/v2\/media\/38439"}],"wp:attachment":[{"href":"https:\/\/prestige-e.com\/fr\/wp-json\/wp\/v2\/media?parent=39311"}],"wp:term":[{"taxonomy":"product_brand","embeddable":true,"href":"https:\/\/prestige-e.com\/fr\/wp-json\/wp\/v2\/product_brand?post=39311"},{"taxonomy":"product_cat","embeddable":true,"href":"https:\/\/prestige-e.com\/fr\/wp-json\/wp\/v2\/product_cat?post=39311"},{"taxonomy":"product_tag","embeddable":true,"href":"https:\/\/prestige-e.com\/fr\/wp-json\/wp\/v2\/product_tag?post=39311"}],"curies":[{"name":"wp","href":"https:\/\/api.w.org\/{rel}","templated":true}]}}