{"id":39310,"date":"2024-07-22T13:13:46","date_gmt":"2024-07-22T11:13:46","guid":{"rendered":"https:\/\/prestige-e.com\/product\/tapia-raquettes-de-plage-en-mdf\/"},"modified":"2025-11-27T13:26:18","modified_gmt":"2025-11-27T12:26:18","slug":"tapia-raquettes-de-plage-en-mdf","status":"publish","type":"product","link":"https:\/\/prestige-e.com\/fr\/produit\/tapia-raquettes-de-plage-en-mdf\/","title":{"rendered":"TAPIA. Raquettes de plage en MDF"},"content":{"rendered":"","protected":false},"excerpt":{"rendered":"<p>Raquettes de plage en MDF avec balle incluse. Emball\u00e9es individuellement dans un sac en coton. Le produit \u00e9tant fabriqu\u00e9 \u00e0 partir de mat\u00e9riaux naturels, la couleur et la qualit\u00e9 d&rsquo;impression peuvent varier l\u00e9g\u00e8rement d&rsquo;une raquette \u00e0 l&rsquo;autre.  <\/p>\n<p><strong><u>Dimension<\/u><\/strong>&nbsp;: 33 x 9 x 0,8 cm<\/p>\n<p><strong><u>Mat\u00e9riau<\/u><\/strong>&nbsp;: MDF<\/p>\n","protected":false},"featured_media":38437,"comment_status":"closed","ping_status":"closed","template":"","meta":{"inline_featured_image":false},"product_brand":[],"product_cat":[179],"product_tag":[],"class_list":{"0":"post-39310","1":"product","2":"type-product","3":"status-publish","4":"has-post-thumbnail","6":"product_cat-jeux-jouet-art-de-vivre","8":"first","9":"instock","10":"shipping-taxable","11":"purchasable","12":"product-type-simple"},"aioseo_notices":[],"_links":{"self":[{"href":"https:\/\/prestige-e.com\/fr\/wp-json\/wp\/v2\/product\/39310","targetHints":{"allow":["GET"]}}],"collection":[{"href":"https:\/\/prestige-e.com\/fr\/wp-json\/wp\/v2\/product"}],"about":[{"href":"https:\/\/prestige-e.com\/fr\/wp-json\/wp\/v2\/types\/product"}],"replies":[{"embeddable":true,"href":"https:\/\/prestige-e.com\/fr\/wp-json\/wp\/v2\/comments?post=39310"}],"wp:featuredmedia":[{"embeddable":true,"href":"https:\/\/prestige-e.com\/fr\/wp-json\/wp\/v2\/media\/38437"}],"wp:attachment":[{"href":"https:\/\/prestige-e.com\/fr\/wp-json\/wp\/v2\/media?parent=39310"}],"wp:term":[{"taxonomy":"product_brand","embeddable":true,"href":"https:\/\/prestige-e.com\/fr\/wp-json\/wp\/v2\/product_brand?post=39310"},{"taxonomy":"product_cat","embeddable":true,"href":"https:\/\/prestige-e.com\/fr\/wp-json\/wp\/v2\/product_cat?post=39310"},{"taxonomy":"product_tag","embeddable":true,"href":"https:\/\/prestige-e.com\/fr\/wp-json\/wp\/v2\/product_tag?post=39310"}],"curies":[{"name":"wp","href":"https:\/\/api.w.org\/{rel}","templated":true}]}}