{"id":39309,"date":"2025-08-07T15:37:04","date_gmt":"2025-08-07T13:37:04","guid":{"rendered":"https:\/\/prestige-e.com\/product\/ecouteur\/"},"modified":"2025-11-27T13:26:17","modified_gmt":"2025-11-27T12:26:17","slug":"ecouteur","status":"publish","type":"product","link":"https:\/\/prestige-e.com\/fr\/produit\/ecouteur\/","title":{"rendered":"\u00c9couteur"},"content":{"rendered":"","protected":false},"excerpt":{"rendered":"<p>Voyagez, travaillez ou vous d\u00e9placez en silence avec ces \u00e9couteurs hybrides ANC et ENC. La fonction ANC garantit la r\u00e9duction des bruits ext\u00e9rieurs pour une concentration optimale. La fonction ENC filtre les sons externes lors des appels t\u00e9l\u00e9phoniques pour une exp\u00e9rience d&rsquo;appel plus claire. Les \u00e9couteurs et l&rsquo;\u00e9tui de charge sont fabriqu\u00e9s avec de l&rsquo;ABS recycl\u00e9 certifi\u00e9 RCS (Recycled Claim Standard). Contenu recycl\u00e9 total : 66 % bas\u00e9 sur le poids total de l&rsquo;article. La certification RCS garantit une cha\u00eene d&rsquo;approvisionnement enti\u00e8rement certifi\u00e9e des mat\u00e9riaux recycl\u00e9s. Les \u00e9couteurs sont livr\u00e9s dans un \u00e9tui de charge compact de 200 mAh qui vous permet de charger et d&#8217;emporter vos \u00e9couteurs partout o\u00f9 vous allez. Les \u00e9couteurs utilisent le BT 5.3 pour un appairage automatique sans tracas et une connexion stable. Les \u00e9couteurs disposent d&rsquo;une batterie de 30 mAh qui permet une autonomie de lecture jusqu&rsquo;\u00e0 5 heures (avec ANC) et 7 heures (sans ANC) et peuvent \u00eatre recharg\u00e9s en 1,5 heure dans l&rsquo;\u00e9tui de charge. La port\u00e9e de distance sans fil est jusqu&rsquo;\u00e0 10 m\u00e8tres. Degr\u00e9 ANC : 23 dB. Comprend 3 tailles d&#8217;embouts.           <\/p>\n<p><strong><u>Dimension<\/u><\/strong> : 6,6 x 2,9 x 4,8 cm<\/p>\n<p><strong><u>Mat\u00e9riau<\/u><\/strong> : ABS recycl\u00e9<\/p>\n","protected":false},"featured_media":39705,"comment_status":"closed","ping_status":"closed","template":"","meta":{"inline_featured_image":false},"product_brand":[],"product_cat":[175,174],"product_tag":[],"class_list":{"0":"post-39309","1":"product","2":"type-product","3":"status-publish","4":"has-post-thumbnail","6":"product_cat-appareils-art-de-vivre","7":"product_cat-art-de-vivre","9":"first","10":"instock","11":"shipping-taxable","12":"purchasable","13":"product-type-simple"},"aioseo_notices":[],"_links":{"self":[{"href":"https:\/\/prestige-e.com\/fr\/wp-json\/wp\/v2\/product\/39309","targetHints":{"allow":["GET"]}}],"collection":[{"href":"https:\/\/prestige-e.com\/fr\/wp-json\/wp\/v2\/product"}],"about":[{"href":"https:\/\/prestige-e.com\/fr\/wp-json\/wp\/v2\/types\/product"}],"replies":[{"embeddable":true,"href":"https:\/\/prestige-e.com\/fr\/wp-json\/wp\/v2\/comments?post=39309"}],"wp:featuredmedia":[{"embeddable":true,"href":"https:\/\/prestige-e.com\/fr\/wp-json\/wp\/v2\/media\/39705"}],"wp:attachment":[{"href":"https:\/\/prestige-e.com\/fr\/wp-json\/wp\/v2\/media?parent=39309"}],"wp:term":[{"taxonomy":"product_brand","embeddable":true,"href":"https:\/\/prestige-e.com\/fr\/wp-json\/wp\/v2\/product_brand?post=39309"},{"taxonomy":"product_cat","embeddable":true,"href":"https:\/\/prestige-e.com\/fr\/wp-json\/wp\/v2\/product_cat?post=39309"},{"taxonomy":"product_tag","embeddable":true,"href":"https:\/\/prestige-e.com\/fr\/wp-json\/wp\/v2\/product_tag?post=39309"}],"curies":[{"name":"wp","href":"https:\/\/api.w.org\/{rel}","templated":true}]}}