{"id":39308,"date":"2024-07-22T13:13:20","date_gmt":"2024-07-22T11:13:20","guid":{"rendered":"https:\/\/prestige-e.com\/product\/housse-pour-ordinateur-portable-17-vinga-albon-en-feutre-recycle-grs\/"},"modified":"2025-11-27T13:26:18","modified_gmt":"2025-11-27T12:26:18","slug":"housse-pour-ordinateur-portable-17-vinga-albon-en-feutre-recycle-grs","status":"publish","type":"product","link":"https:\/\/prestige-e.com\/fr\/produit\/housse-pour-ordinateur-portable-17-vinga-albon-en-feutre-recycle-grs\/","title":{"rendered":"Housse pour ordinateur portable 17&Prime; VINGA albon en feutre recycl\u00e9 GRS"},"content":{"rendered":"","protected":false},"excerpt":{"rendered":"<p>Cette \u00e9l\u00e9gante housse pour ordinateur portable est fabriqu\u00e9e en feutre recycl\u00e9 GRS avec un effet m\u00e9lang\u00e9. Elle prot\u00e8ge efficacement votre ordinateur des chocs et de l&rsquo;humidit\u00e9. Le rabat en PU facilite l&rsquo;acc\u00e8s et ajoute une touche d&rsquo;\u00e9l\u00e9gance. Les dimensions int\u00e9rieures de la housse sont de 38,5 x 2,5 x 27,5 cm, la rendant adapt\u00e9e aux ordinateurs portables jusqu&rsquo;\u00e0 17 pouces. Veuillez noter que les dimensions de l&rsquo;\u00e9cran peuvent diff\u00e9rer des dimensions totales de l&rsquo;ordinateur portable. Certifi\u00e9e par le Global Recycled Standard (GRS), cette housse garantit que toute la cha\u00eene d&rsquo;approvisionnement en mat\u00e9riaux recycl\u00e9s est certifi\u00e9e. Le contenu total recycl\u00e9 est bas\u00e9 sur le poids total du produit. Ce produit contient 82 % de feutre recycl\u00e9 GRS. Il convient aux ordinateurs portables jusqu&rsquo;\u00e0 17 pouces. Veuillez noter que les dimensions de l&rsquo;\u00e9cran peuvent diff\u00e9rer des dimensions totales de l&rsquo;ordinateur portable.         <\/p>\n<p><strong><u>Dimension<\/u><\/strong> : 28 x 40 x 0,7 cm<\/p>\n<p><strong><u>Mat\u00e9riau<\/u><\/strong> : Feutre recycl\u00e9<\/p>\n","protected":false},"featured_media":38431,"comment_status":"closed","ping_status":"closed","template":"","meta":{"inline_featured_image":false},"product_brand":[],"product_cat":[146,152,210,227],"product_tag":[],"class_list":{"0":"post-39308","1":"product","2":"type-product","3":"status-publish","4":"has-post-thumbnail","6":"product_cat-articles-de-bureau","7":"product_cat-ecologie","8":"product_cat-espace-de-travail-ecologie","9":"product_cat-sacs-bureau","11":"first","12":"instock","13":"shipping-taxable","14":"purchasable","15":"product-type-simple"},"aioseo_notices":[],"_links":{"self":[{"href":"https:\/\/prestige-e.com\/fr\/wp-json\/wp\/v2\/product\/39308","targetHints":{"allow":["GET"]}}],"collection":[{"href":"https:\/\/prestige-e.com\/fr\/wp-json\/wp\/v2\/product"}],"about":[{"href":"https:\/\/prestige-e.com\/fr\/wp-json\/wp\/v2\/types\/product"}],"replies":[{"embeddable":true,"href":"https:\/\/prestige-e.com\/fr\/wp-json\/wp\/v2\/comments?post=39308"}],"wp:featuredmedia":[{"embeddable":true,"href":"https:\/\/prestige-e.com\/fr\/wp-json\/wp\/v2\/media\/38431"}],"wp:attachment":[{"href":"https:\/\/prestige-e.com\/fr\/wp-json\/wp\/v2\/media?parent=39308"}],"wp:term":[{"taxonomy":"product_brand","embeddable":true,"href":"https:\/\/prestige-e.com\/fr\/wp-json\/wp\/v2\/product_brand?post=39308"},{"taxonomy":"product_cat","embeddable":true,"href":"https:\/\/prestige-e.com\/fr\/wp-json\/wp\/v2\/product_cat?post=39308"},{"taxonomy":"product_tag","embeddable":true,"href":"https:\/\/prestige-e.com\/fr\/wp-json\/wp\/v2\/product_tag?post=39308"}],"curies":[{"name":"wp","href":"https:\/\/api.w.org\/{rel}","templated":true}]}}