{"id":39307,"date":"2024-07-22T13:15:22","date_gmt":"2024-07-22T11:15:22","guid":{"rendered":"https:\/\/prestige-e.com\/product\/jeu-de-flechettes-kerchak\/"},"modified":"2025-11-27T13:26:17","modified_gmt":"2025-11-27T12:26:17","slug":"jeu-de-flechettes-kerchak","status":"publish","type":"product","link":"https:\/\/prestige-e.com\/fr\/produit\/jeu-de-flechettes-kerchak\/","title":{"rendered":"Jeu de fl\u00e9chettes Kerchak"},"content":{"rendered":"","protected":false},"excerpt":{"rendered":"<p>Jeu de fl\u00e9chettes en tissu amusant avec balles velcro. Parfait pour tous les groupes d&rsquo;\u00e2ge, offrant un d\u00e9fi s\u00fbr et stimulant. Le jeu consiste \u00e0 lancer les balles de diff\u00e9rentes couleurs sur la cible avec scores, qui resteront en place gr\u00e2ce au rev\u00eatement velcro. Facile \u00e0 suspendre n&rsquo;importe o\u00f9 et \u00e0 diff\u00e9rentes hauteurs gr\u00e2ce \u00e0 un \u0153illet. Comprend un jeu de fl\u00e9chettes en tissu flexible et 3 balles avec velcro. Pr\u00e9sent\u00e9 dans un sac recycl\u00e9.     <\/p>\n<p><strong><u>Dimension<\/u><\/strong> : \u00d828,5<\/p>\n<p><strong><u>Mati\u00e8re<\/u><\/strong> : polyester<\/p>\n","protected":false},"featured_media":38429,"comment_status":"closed","ping_status":"closed","template":"","meta":{"inline_featured_image":false},"product_brand":[],"product_cat":[179],"product_tag":[],"class_list":{"0":"post-39307","1":"product","2":"type-product","3":"status-publish","4":"has-post-thumbnail","6":"product_cat-jeux-jouet-art-de-vivre","8":"first","9":"instock","10":"shipping-taxable","11":"purchasable","12":"product-type-simple"},"aioseo_notices":[],"_links":{"self":[{"href":"https:\/\/prestige-e.com\/fr\/wp-json\/wp\/v2\/product\/39307","targetHints":{"allow":["GET"]}}],"collection":[{"href":"https:\/\/prestige-e.com\/fr\/wp-json\/wp\/v2\/product"}],"about":[{"href":"https:\/\/prestige-e.com\/fr\/wp-json\/wp\/v2\/types\/product"}],"replies":[{"embeddable":true,"href":"https:\/\/prestige-e.com\/fr\/wp-json\/wp\/v2\/comments?post=39307"}],"wp:featuredmedia":[{"embeddable":true,"href":"https:\/\/prestige-e.com\/fr\/wp-json\/wp\/v2\/media\/38429"}],"wp:attachment":[{"href":"https:\/\/prestige-e.com\/fr\/wp-json\/wp\/v2\/media?parent=39307"}],"wp:term":[{"taxonomy":"product_brand","embeddable":true,"href":"https:\/\/prestige-e.com\/fr\/wp-json\/wp\/v2\/product_brand?post=39307"},{"taxonomy":"product_cat","embeddable":true,"href":"https:\/\/prestige-e.com\/fr\/wp-json\/wp\/v2\/product_cat?post=39307"},{"taxonomy":"product_tag","embeddable":true,"href":"https:\/\/prestige-e.com\/fr\/wp-json\/wp\/v2\/product_tag?post=39307"}],"curies":[{"name":"wp","href":"https:\/\/api.w.org\/{rel}","templated":true}]}}