{"id":39306,"date":"2024-07-22T13:12:56","date_gmt":"2024-07-22T11:12:56","guid":{"rendered":"https:\/\/prestige-e.com\/product\/mini-puzzle-jatrex\/"},"modified":"2025-11-27T13:26:18","modified_gmt":"2025-11-27T12:26:18","slug":"mini-puzzle-jatrex","status":"publish","type":"product","link":"https:\/\/prestige-e.com\/fr\/produit\/mini-puzzle-jatrex\/","title":{"rendered":"Mini puzzle jatrex"},"content":{"rendered":"","protected":false},"excerpt":{"rendered":"<p>Jeu d&rsquo;adresse en bois, compos\u00e9 de 9 pi\u00e8ces et d&rsquo;un plateau. Le d\u00e9fi consiste \u00e0 faire glisser les 8 pi\u00e8ces avec des fl\u00e8ches sur le plateau et \u00e0 les disposer de mani\u00e8re \u00e0 ce qu&rsquo;elles pointent vers la pi\u00e8ce marqu\u00e9e d&rsquo;un point, combinant ainsi habilet\u00e9 et strat\u00e9gie. Pr\u00e9sent\u00e9 individuellement dans une bo\u00eete design en kraft.  <\/p>\n<p><strong><u>Dimension<\/u><\/strong> : 7,5 x 12 x 1,2 cm<\/p>\n<p><strong><u>Mat\u00e9riau<\/u><\/strong> : Bois<\/p>\n","protected":false},"featured_media":38878,"comment_status":"closed","ping_status":"closed","template":"","meta":{"inline_featured_image":false},"product_brand":[],"product_cat":[179,215],"product_tag":[],"class_list":{"0":"post-39306","1":"product","2":"type-product","3":"status-publish","4":"has-post-thumbnail","6":"product_cat-jeux-jouet-art-de-vivre","7":"product_cat-jeux-jouets-ecologie","9":"first","10":"instock","11":"shipping-taxable","12":"purchasable","13":"product-type-simple"},"aioseo_notices":[],"_links":{"self":[{"href":"https:\/\/prestige-e.com\/fr\/wp-json\/wp\/v2\/product\/39306","targetHints":{"allow":["GET"]}}],"collection":[{"href":"https:\/\/prestige-e.com\/fr\/wp-json\/wp\/v2\/product"}],"about":[{"href":"https:\/\/prestige-e.com\/fr\/wp-json\/wp\/v2\/types\/product"}],"replies":[{"embeddable":true,"href":"https:\/\/prestige-e.com\/fr\/wp-json\/wp\/v2\/comments?post=39306"}],"wp:featuredmedia":[{"embeddable":true,"href":"https:\/\/prestige-e.com\/fr\/wp-json\/wp\/v2\/media\/38878"}],"wp:attachment":[{"href":"https:\/\/prestige-e.com\/fr\/wp-json\/wp\/v2\/media?parent=39306"}],"wp:term":[{"taxonomy":"product_brand","embeddable":true,"href":"https:\/\/prestige-e.com\/fr\/wp-json\/wp\/v2\/product_brand?post=39306"},{"taxonomy":"product_cat","embeddable":true,"href":"https:\/\/prestige-e.com\/fr\/wp-json\/wp\/v2\/product_cat?post=39306"},{"taxonomy":"product_tag","embeddable":true,"href":"https:\/\/prestige-e.com\/fr\/wp-json\/wp\/v2\/product_tag?post=39306"}],"curies":[{"name":"wp","href":"https:\/\/api.w.org\/{rel}","templated":true}]}}