{"id":39305,"date":"2024-07-22T13:14:53","date_gmt":"2024-07-22T11:14:53","guid":{"rendered":"https:\/\/prestige-e.com\/product\/jeu-pour-animaux-de-compagnie-kesel\/"},"modified":"2025-11-27T13:26:18","modified_gmt":"2025-11-27T12:26:18","slug":"jeu-pour-animaux-de-compagnie-kesel","status":"publish","type":"product","link":"https:\/\/prestige-e.com\/fr\/produit\/jeu-pour-animaux-de-compagnie-kesel\/","title":{"rendered":"Jeu pour animaux de compagnie kesel"},"content":{"rendered":"","protected":false},"excerpt":{"rendered":"<p>Jeu en bois pour animaux de compagnie. Amusant, s\u00fbr et facile \u00e0 utiliser : en appuyant sur les leviers, 3 jolies figurines appara\u00eetront, \u00e9veillant la curiosit\u00e9 de tout animal de compagnie. Pr\u00e9sent\u00e9 dans une bo\u00eete kraft individuelle.  <\/p>\n<p><strong><u>Dimension<\/u><\/strong> : 21 x 11 x 18,7 cm<\/p>\n<p><strong><u>Mat\u00e9riau<\/u><\/strong> : Bois<\/p>\n","protected":false},"featured_media":38422,"comment_status":"closed","ping_status":"closed","template":"","meta":{"inline_featured_image":false},"product_brand":[],"product_cat":[179],"product_tag":[],"class_list":{"0":"post-39305","1":"product","2":"type-product","3":"status-publish","4":"has-post-thumbnail","6":"product_cat-jeux-jouet-art-de-vivre","8":"first","9":"instock","10":"shipping-taxable","11":"purchasable","12":"product-type-simple"},"aioseo_notices":[],"_links":{"self":[{"href":"https:\/\/prestige-e.com\/fr\/wp-json\/wp\/v2\/product\/39305","targetHints":{"allow":["GET"]}}],"collection":[{"href":"https:\/\/prestige-e.com\/fr\/wp-json\/wp\/v2\/product"}],"about":[{"href":"https:\/\/prestige-e.com\/fr\/wp-json\/wp\/v2\/types\/product"}],"replies":[{"embeddable":true,"href":"https:\/\/prestige-e.com\/fr\/wp-json\/wp\/v2\/comments?post=39305"}],"wp:featuredmedia":[{"embeddable":true,"href":"https:\/\/prestige-e.com\/fr\/wp-json\/wp\/v2\/media\/38422"}],"wp:attachment":[{"href":"https:\/\/prestige-e.com\/fr\/wp-json\/wp\/v2\/media?parent=39305"}],"wp:term":[{"taxonomy":"product_brand","embeddable":true,"href":"https:\/\/prestige-e.com\/fr\/wp-json\/wp\/v2\/product_brand?post=39305"},{"taxonomy":"product_cat","embeddable":true,"href":"https:\/\/prestige-e.com\/fr\/wp-json\/wp\/v2\/product_cat?post=39305"},{"taxonomy":"product_tag","embeddable":true,"href":"https:\/\/prestige-e.com\/fr\/wp-json\/wp\/v2\/product_tag?post=39305"}],"curies":[{"name":"wp","href":"https:\/\/api.w.org\/{rel}","templated":true}]}}