{"id":39304,"date":"2024-07-22T13:08:42","date_gmt":"2024-07-22T11:08:42","guid":{"rendered":"https:\/\/prestige-e.com\/product\/stylo-kiviuk\/"},"modified":"2025-11-27T13:26:19","modified_gmt":"2025-11-27T12:26:19","slug":"stylo-kiviuk","status":"publish","type":"product","link":"https:\/\/prestige-e.com\/fr\/produit\/stylo-kiviuk\/","title":{"rendered":"Stylo Kiviuk"},"content":{"rendered":"","protected":false},"excerpt":{"rendered":"<p>Stylo-bille 8-en-1 en mat\u00e9riau ABS r\u00e9sistant, avec 8 couleurs diff\u00e9rentes adapt\u00e9es \u00e0 chaque t\u00e2che. Con\u00e7u de mani\u00e8re ergonomique et fonctionnelle, permettant de s\u00e9lectionner facilement chaque option de couleur gr\u00e2ce aux boutons-poussoirs situ\u00e9s sur le dessus. Sa fonctionnalit\u00e9 permet de s\u00e9lectionner ais\u00e9ment chaque couleur d&rsquo;encre en utilisant les boutons-poussoirs sur le dessus du stylo. Corps con\u00e7u en couleur blanche, avec clip et accessoires transparents.   <\/p>\n<p><strong><u>Dimension<\/u><\/strong> : 14 x 1,6 cm<\/p>\n<p><strong><u>Mat\u00e9riau<\/u><\/strong> : ABS<\/p>\n","protected":false},"featured_media":38407,"comment_status":"closed","ping_status":"closed","template":"","meta":{"inline_featured_image":false},"product_brand":[],"product_cat":[146,178],"product_tag":[],"class_list":{"0":"post-39304","1":"product","2":"type-product","3":"status-publish","4":"has-post-thumbnail","6":"product_cat-articles-de-bureau","7":"product_cat-bureau-articles-de-bureau","9":"first","10":"instock","11":"shipping-taxable","12":"purchasable","13":"product-type-simple"},"aioseo_notices":[],"_links":{"self":[{"href":"https:\/\/prestige-e.com\/fr\/wp-json\/wp\/v2\/product\/39304","targetHints":{"allow":["GET"]}}],"collection":[{"href":"https:\/\/prestige-e.com\/fr\/wp-json\/wp\/v2\/product"}],"about":[{"href":"https:\/\/prestige-e.com\/fr\/wp-json\/wp\/v2\/types\/product"}],"replies":[{"embeddable":true,"href":"https:\/\/prestige-e.com\/fr\/wp-json\/wp\/v2\/comments?post=39304"}],"wp:featuredmedia":[{"embeddable":true,"href":"https:\/\/prestige-e.com\/fr\/wp-json\/wp\/v2\/media\/38407"}],"wp:attachment":[{"href":"https:\/\/prestige-e.com\/fr\/wp-json\/wp\/v2\/media?parent=39304"}],"wp:term":[{"taxonomy":"product_brand","embeddable":true,"href":"https:\/\/prestige-e.com\/fr\/wp-json\/wp\/v2\/product_brand?post=39304"},{"taxonomy":"product_cat","embeddable":true,"href":"https:\/\/prestige-e.com\/fr\/wp-json\/wp\/v2\/product_cat?post=39304"},{"taxonomy":"product_tag","embeddable":true,"href":"https:\/\/prestige-e.com\/fr\/wp-json\/wp\/v2\/product_tag?post=39304"}],"curies":[{"name":"wp","href":"https:\/\/api.w.org\/{rel}","templated":true}]}}