{"id":39303,"date":"2024-07-22T13:12:24","date_gmt":"2024-07-22T11:12:24","guid":{"rendered":"https:\/\/prestige-e.com\/product\/sac-a-dos-quotidien-sienna-aware-rpet-pour-ordinateur-portable-14-pouces\/"},"modified":"2025-11-27T13:26:18","modified_gmt":"2025-11-27T12:26:18","slug":"sac-a-dos-quotidien-sienna-aware-rpet-pour-ordinateur-portable-14-pouces","status":"publish","type":"product","link":"https:\/\/prestige-e.com\/fr\/produit\/sac-a-dos-quotidien-sienna-aware-rpet-pour-ordinateur-portable-14-pouces\/","title":{"rendered":"Sac \u00e0 dos quotidien Sienna AWARE\u2122 RPET pour ordinateur portable 14 pouces"},"content":{"rendered":"","protected":false},"excerpt":{"rendered":"<p>D\u00e9couvrez l&rsquo;alliance parfaite entre style et utilit\u00e9 avec le sac \u00e0 dos Sienna pour ordinateur portable 14 pouces. Con\u00e7u pour les professionnels comme pour les \u00e9tudiants, il dispose d&rsquo;un compartiment d\u00e9di\u00e9 pour ordinateur portable, d&rsquo;une organisation astucieuse et d&rsquo;un confort remarquable. Fabriqu\u00e9 en polyester 100% recycl\u00e9 int\u00e9grant le traceur AWARE\u2122. 2% des recettes de chaque produit vendu avec AWARE\u2122 seront revers\u00e9s \u00e0 Water.org.   <\/p>\n<p><strong><u>Dimensions<\/u><\/strong> : 30 x 17 x 45 cm<\/p>\n<p><strong><u>Mat\u00e9riau<\/u><\/strong> : rPET<\/p>\n","protected":false},"featured_media":38874,"comment_status":"closed","ping_status":"closed","template":"","meta":{"inline_featured_image":false},"product_brand":[],"product_cat":[146,152,227,212],"product_tag":[],"class_list":{"0":"post-39303","1":"product","2":"type-product","3":"status-publish","4":"has-post-thumbnail","6":"product_cat-articles-de-bureau","7":"product_cat-ecologie","8":"product_cat-sacs-bureau","9":"product_cat-sacs-ecologie","11":"first","12":"instock","13":"shipping-taxable","14":"purchasable","15":"product-type-simple"},"aioseo_notices":[],"_links":{"self":[{"href":"https:\/\/prestige-e.com\/fr\/wp-json\/wp\/v2\/product\/39303","targetHints":{"allow":["GET"]}}],"collection":[{"href":"https:\/\/prestige-e.com\/fr\/wp-json\/wp\/v2\/product"}],"about":[{"href":"https:\/\/prestige-e.com\/fr\/wp-json\/wp\/v2\/types\/product"}],"replies":[{"embeddable":true,"href":"https:\/\/prestige-e.com\/fr\/wp-json\/wp\/v2\/comments?post=39303"}],"wp:featuredmedia":[{"embeddable":true,"href":"https:\/\/prestige-e.com\/fr\/wp-json\/wp\/v2\/media\/38874"}],"wp:attachment":[{"href":"https:\/\/prestige-e.com\/fr\/wp-json\/wp\/v2\/media?parent=39303"}],"wp:term":[{"taxonomy":"product_brand","embeddable":true,"href":"https:\/\/prestige-e.com\/fr\/wp-json\/wp\/v2\/product_brand?post=39303"},{"taxonomy":"product_cat","embeddable":true,"href":"https:\/\/prestige-e.com\/fr\/wp-json\/wp\/v2\/product_cat?post=39303"},{"taxonomy":"product_tag","embeddable":true,"href":"https:\/\/prestige-e.com\/fr\/wp-json\/wp\/v2\/product_tag?post=39303"}],"curies":[{"name":"wp","href":"https:\/\/api.w.org\/{rel}","templated":true}]}}