{"id":39302,"date":"2024-07-22T13:11:56","date_gmt":"2024-07-22T11:11:56","guid":{"rendered":"https:\/\/prestige-e.com\/product\/sac-pour-ordinateur-portable-156-armond-aware-en-rpet\/"},"modified":"2025-11-27T13:26:18","modified_gmt":"2025-11-27T12:26:18","slug":"sac-pour-ordinateur-portable-156-armond-aware-en-rpet","status":"publish","type":"product","link":"https:\/\/prestige-e.com\/fr\/produit\/sac-pour-ordinateur-portable-156-armond-aware-en-rpet\/","title":{"rendered":"Sac pour ordinateur portable 15,6\u00a0\u00bb Armond AWARE\u2122 en RPET"},"content":{"rendered":"","protected":false},"excerpt":{"rendered":"<p>Le sac pour ordinateur portable Armond 15,6 pouces est con\u00e7u pour le professionnel moderne soucieux de la valeur et de l&rsquo;environnement. Il pr\u00e9sente un design classique avec des coutures apparentes sur l&rsquo;avant, de multiples poches d&rsquo;organisation, deux poign\u00e9es sup\u00e9rieures et une bandouli\u00e8re ajustable et amovible. Fabriqu\u00e9 en polyester recycl\u00e9 avec le traceur AWARE\u2122. 2 % des recettes de chaque produit vendu avec AWARE\u2122 seront revers\u00e9s \u00e0 Water.org. Sans PVC.    <\/p>\n<p><strong>Minimum order quantity required for this product:<\/strong><\/p>\n","protected":false},"featured_media":38866,"comment_status":"closed","ping_status":"closed","template":"","meta":{"inline_featured_image":false},"product_brand":[],"product_cat":[146],"product_tag":[],"class_list":{"0":"post-39302","1":"product","2":"type-product","3":"status-publish","4":"has-post-thumbnail","6":"product_cat-articles-de-bureau","8":"first","9":"instock","10":"shipping-taxable","11":"purchasable","12":"product-type-simple"},"aioseo_notices":[],"_links":{"self":[{"href":"https:\/\/prestige-e.com\/fr\/wp-json\/wp\/v2\/product\/39302","targetHints":{"allow":["GET"]}}],"collection":[{"href":"https:\/\/prestige-e.com\/fr\/wp-json\/wp\/v2\/product"}],"about":[{"href":"https:\/\/prestige-e.com\/fr\/wp-json\/wp\/v2\/types\/product"}],"replies":[{"embeddable":true,"href":"https:\/\/prestige-e.com\/fr\/wp-json\/wp\/v2\/comments?post=39302"}],"wp:featuredmedia":[{"embeddable":true,"href":"https:\/\/prestige-e.com\/fr\/wp-json\/wp\/v2\/media\/38866"}],"wp:attachment":[{"href":"https:\/\/prestige-e.com\/fr\/wp-json\/wp\/v2\/media?parent=39302"}],"wp:term":[{"taxonomy":"product_brand","embeddable":true,"href":"https:\/\/prestige-e.com\/fr\/wp-json\/wp\/v2\/product_brand?post=39302"},{"taxonomy":"product_cat","embeddable":true,"href":"https:\/\/prestige-e.com\/fr\/wp-json\/wp\/v2\/product_cat?post=39302"},{"taxonomy":"product_tag","embeddable":true,"href":"https:\/\/prestige-e.com\/fr\/wp-json\/wp\/v2\/product_tag?post=39302"}],"curies":[{"name":"wp","href":"https:\/\/api.w.org\/{rel}","templated":true}]}}