{"id":39301,"date":"2024-07-22T13:07:56","date_gmt":"2024-07-22T11:07:56","guid":{"rendered":"https:\/\/prestige-e.com\/product\/pot-a-crayons-en-feutre-rpet\/"},"modified":"2025-11-27T13:26:19","modified_gmt":"2025-11-27T12:26:19","slug":"pot-a-crayons-en-feutre-rpet","status":"publish","type":"product","link":"https:\/\/prestige-e.com\/fr\/produit\/pot-a-crayons-en-feutre-rpet\/","title":{"rendered":"Pot \u00e0 crayons en feutre RPET"},"content":{"rendered":"","protected":false},"excerpt":{"rendered":"<p>Pot \u00e0 stylos en feutre RPET avec base en bambou et support pour t\u00e9l\u00e9phone.<\/p>\n<p><strong><u>Dimensions<\/u><\/strong> : 11,7 x 9,3 x 8,5 cm<\/p>\n<p><strong><u>Mat\u00e9riau<\/u><\/strong> : Bambou<\/p>\n","protected":false},"featured_media":38389,"comment_status":"closed","ping_status":"closed","template":"","meta":{"inline_featured_image":false},"product_brand":[],"product_cat":[146,178,152,210],"product_tag":[],"class_list":{"0":"post-39301","1":"product","2":"type-product","3":"status-publish","4":"has-post-thumbnail","6":"product_cat-articles-de-bureau","7":"product_cat-bureau-articles-de-bureau","8":"product_cat-ecologie","9":"product_cat-espace-de-travail-ecologie","11":"first","12":"instock","13":"shipping-taxable","14":"purchasable","15":"product-type-simple"},"aioseo_notices":[],"_links":{"self":[{"href":"https:\/\/prestige-e.com\/fr\/wp-json\/wp\/v2\/product\/39301","targetHints":{"allow":["GET"]}}],"collection":[{"href":"https:\/\/prestige-e.com\/fr\/wp-json\/wp\/v2\/product"}],"about":[{"href":"https:\/\/prestige-e.com\/fr\/wp-json\/wp\/v2\/types\/product"}],"replies":[{"embeddable":true,"href":"https:\/\/prestige-e.com\/fr\/wp-json\/wp\/v2\/comments?post=39301"}],"wp:featuredmedia":[{"embeddable":true,"href":"https:\/\/prestige-e.com\/fr\/wp-json\/wp\/v2\/media\/38389"}],"wp:attachment":[{"href":"https:\/\/prestige-e.com\/fr\/wp-json\/wp\/v2\/media?parent=39301"}],"wp:term":[{"taxonomy":"product_brand","embeddable":true,"href":"https:\/\/prestige-e.com\/fr\/wp-json\/wp\/v2\/product_brand?post=39301"},{"taxonomy":"product_cat","embeddable":true,"href":"https:\/\/prestige-e.com\/fr\/wp-json\/wp\/v2\/product_cat?post=39301"},{"taxonomy":"product_tag","embeddable":true,"href":"https:\/\/prestige-e.com\/fr\/wp-json\/wp\/v2\/product_tag?post=39301"}],"curies":[{"name":"wp","href":"https:\/\/api.w.org\/{rel}","templated":true}]}}