{"id":39300,"date":"2024-07-22T13:11:23","date_gmt":"2024-07-22T11:11:23","guid":{"rendered":"https:\/\/prestige-e.com\/product\/badge-en-bambou-avec-aimant\/"},"modified":"2025-11-27T13:26:18","modified_gmt":"2025-11-27T12:26:18","slug":"badge-en-bambou-avec-aimant","status":"publish","type":"product","link":"https:\/\/prestige-e.com\/fr\/produit\/badge-en-bambou-avec-aimant\/","title":{"rendered":"Badge en bambou avec aimant"},"content":{"rendered":"","protected":false},"excerpt":{"rendered":"<p>Voici notre badge magn\u00e9tique en bambou \u2013 une solution durable et \u00e9l\u00e9gante pour une identification facile. Fabriqu\u00e9 \u00e0 partir de bambou \u00e9cologique, il se fixe solidement gr\u00e2ce \u00e0 un aimant puissant, \u00e9liminant ainsi le besoin d&rsquo;\u00e9pingles. <\/p>\n<p><strong><u>Dimension<\/u><\/strong>&nbsp;: 5,5 x 2,7 x 0,5 cm<\/p>\n<p>Mat\u00e9riau: Bambou et ABS<\/p>\n","protected":false},"featured_media":38424,"comment_status":"closed","ping_status":"closed","template":"","meta":{"inline_featured_image":false},"product_brand":[],"product_cat":[146,178,152,210],"product_tag":[],"class_list":{"0":"post-39300","1":"product","2":"type-product","3":"status-publish","4":"has-post-thumbnail","6":"product_cat-articles-de-bureau","7":"product_cat-bureau-articles-de-bureau","8":"product_cat-ecologie","9":"product_cat-espace-de-travail-ecologie","11":"first","12":"instock","13":"shipping-taxable","14":"purchasable","15":"product-type-simple"},"aioseo_notices":[],"_links":{"self":[{"href":"https:\/\/prestige-e.com\/fr\/wp-json\/wp\/v2\/product\/39300","targetHints":{"allow":["GET"]}}],"collection":[{"href":"https:\/\/prestige-e.com\/fr\/wp-json\/wp\/v2\/product"}],"about":[{"href":"https:\/\/prestige-e.com\/fr\/wp-json\/wp\/v2\/types\/product"}],"replies":[{"embeddable":true,"href":"https:\/\/prestige-e.com\/fr\/wp-json\/wp\/v2\/comments?post=39300"}],"wp:featuredmedia":[{"embeddable":true,"href":"https:\/\/prestige-e.com\/fr\/wp-json\/wp\/v2\/media\/38424"}],"wp:attachment":[{"href":"https:\/\/prestige-e.com\/fr\/wp-json\/wp\/v2\/media?parent=39300"}],"wp:term":[{"taxonomy":"product_brand","embeddable":true,"href":"https:\/\/prestige-e.com\/fr\/wp-json\/wp\/v2\/product_brand?post=39300"},{"taxonomy":"product_cat","embeddable":true,"href":"https:\/\/prestige-e.com\/fr\/wp-json\/wp\/v2\/product_cat?post=39300"},{"taxonomy":"product_tag","embeddable":true,"href":"https:\/\/prestige-e.com\/fr\/wp-json\/wp\/v2\/product_tag?post=39300"}],"curies":[{"name":"wp","href":"https:\/\/api.w.org\/{rel}","templated":true}]}}