{"id":39299,"date":"2024-07-22T13:07:13","date_gmt":"2024-07-22T11:07:13","guid":{"rendered":"https:\/\/prestige-e.com\/product\/presentoir-hyrokin\/"},"modified":"2025-11-27T13:26:19","modified_gmt":"2025-11-27T12:26:19","slug":"presentoir-hyrokin","status":"publish","type":"product","link":"https:\/\/prestige-e.com\/fr\/produit\/presentoir-hyrokin\/","title":{"rendered":"Pr\u00e9sentoir Hyrokin"},"content":{"rendered":"","protected":false},"excerpt":{"rendered":"<p>Pr\u00e9sentoir fabriqu\u00e9 en bois r\u00e9sistant. Comprend un tableau pratique pour \u00e9crire des deux c\u00f4t\u00e9s et est pr\u00e9sent\u00e9 dans une bo\u00eete individuelle au design kraft. <\/p>\n<p><strong><u>Dimension<\/u><\/strong> : 15 x 22,7 x 3 cm<\/p>\n<p><strong><u>Mat\u00e9riau<\/u><\/strong> : Bois et MDF<\/p>\n","protected":false},"featured_media":38381,"comment_status":"closed","ping_status":"closed","template":"","meta":{"inline_featured_image":false},"product_brand":[],"product_cat":[218,174,146,211,178,152],"product_tag":[],"class_list":{"0":"post-39299","1":"product","2":"type-product","3":"status-publish","4":"has-post-thumbnail","6":"product_cat-accessoires-art-de-vivre","7":"product_cat-art-de-vivre","8":"product_cat-articles-de-bureau","9":"product_cat-articles-pour-la-maison-ecologie","10":"product_cat-bureau-articles-de-bureau","11":"product_cat-ecologie","13":"first","14":"instock","15":"shipping-taxable","16":"purchasable","17":"product-type-simple"},"aioseo_notices":[],"_links":{"self":[{"href":"https:\/\/prestige-e.com\/fr\/wp-json\/wp\/v2\/product\/39299","targetHints":{"allow":["GET"]}}],"collection":[{"href":"https:\/\/prestige-e.com\/fr\/wp-json\/wp\/v2\/product"}],"about":[{"href":"https:\/\/prestige-e.com\/fr\/wp-json\/wp\/v2\/types\/product"}],"replies":[{"embeddable":true,"href":"https:\/\/prestige-e.com\/fr\/wp-json\/wp\/v2\/comments?post=39299"}],"wp:featuredmedia":[{"embeddable":true,"href":"https:\/\/prestige-e.com\/fr\/wp-json\/wp\/v2\/media\/38381"}],"wp:attachment":[{"href":"https:\/\/prestige-e.com\/fr\/wp-json\/wp\/v2\/media?parent=39299"}],"wp:term":[{"taxonomy":"product_brand","embeddable":true,"href":"https:\/\/prestige-e.com\/fr\/wp-json\/wp\/v2\/product_brand?post=39299"},{"taxonomy":"product_cat","embeddable":true,"href":"https:\/\/prestige-e.com\/fr\/wp-json\/wp\/v2\/product_cat?post=39299"},{"taxonomy":"product_tag","embeddable":true,"href":"https:\/\/prestige-e.com\/fr\/wp-json\/wp\/v2\/product_tag?post=39299"}],"curies":[{"name":"wp","href":"https:\/\/api.w.org\/{rel}","templated":true}]}}