{"id":39298,"date":"2024-07-22T13:10:10","date_gmt":"2024-07-22T11:10:10","guid":{"rendered":"https:\/\/prestige-e.com\/product\/outil-multifonction-zorlix\/"},"modified":"2025-11-27T13:26:19","modified_gmt":"2025-11-27T12:26:19","slug":"outil-multifonction-zorlix","status":"publish","type":"product","link":"https:\/\/prestige-e.com\/fr\/produit\/outil-multifonction-zorlix\/","title":{"rendered":"Outil multifonction zorlix"},"content":{"rendered":"","protected":false},"excerpt":{"rendered":"<p>Outil multifonction en acier inoxydable pratique et \u00e9l\u00e9gant en forme de camion. Avec 18 fonctions, dont : tournevis plat et cruciforme, cl\u00e9 hexagonale de diff\u00e9rentes tailles, r\u00e8gle, ouvre-bo\u00eete et d\u00e9capsuleur. Pr\u00e9sent\u00e9 dans un sac en papier recycl\u00e9.  <\/p>\n<p><strong><u>Dimensions<\/u><\/strong> : 12 x 3,8 x 0,2 cm<\/p>\n<p><strong><u>Mat\u00e9riau<\/u><\/strong> : acier inoxydable<\/p>\n","protected":false},"featured_media":38416,"comment_status":"closed","ping_status":"closed","template":"","meta":{"inline_featured_image":false},"product_brand":[],"product_cat":[218,174,146,178],"product_tag":[],"class_list":{"0":"post-39298","1":"product","2":"type-product","3":"status-publish","4":"has-post-thumbnail","6":"product_cat-accessoires-art-de-vivre","7":"product_cat-art-de-vivre","8":"product_cat-articles-de-bureau","9":"product_cat-bureau-articles-de-bureau","11":"first","12":"instock","13":"shipping-taxable","14":"purchasable","15":"product-type-simple"},"aioseo_notices":[],"_links":{"self":[{"href":"https:\/\/prestige-e.com\/fr\/wp-json\/wp\/v2\/product\/39298","targetHints":{"allow":["GET"]}}],"collection":[{"href":"https:\/\/prestige-e.com\/fr\/wp-json\/wp\/v2\/product"}],"about":[{"href":"https:\/\/prestige-e.com\/fr\/wp-json\/wp\/v2\/types\/product"}],"replies":[{"embeddable":true,"href":"https:\/\/prestige-e.com\/fr\/wp-json\/wp\/v2\/comments?post=39298"}],"wp:featuredmedia":[{"embeddable":true,"href":"https:\/\/prestige-e.com\/fr\/wp-json\/wp\/v2\/media\/38416"}],"wp:attachment":[{"href":"https:\/\/prestige-e.com\/fr\/wp-json\/wp\/v2\/media?parent=39298"}],"wp:term":[{"taxonomy":"product_brand","embeddable":true,"href":"https:\/\/prestige-e.com\/fr\/wp-json\/wp\/v2\/product_brand?post=39298"},{"taxonomy":"product_cat","embeddable":true,"href":"https:\/\/prestige-e.com\/fr\/wp-json\/wp\/v2\/product_cat?post=39298"},{"taxonomy":"product_tag","embeddable":true,"href":"https:\/\/prestige-e.com\/fr\/wp-json\/wp\/v2\/product_tag?post=39298"}],"curies":[{"name":"wp","href":"https:\/\/api.w.org\/{rel}","templated":true}]}}