{"id":39297,"date":"2024-07-22T13:06:47","date_gmt":"2024-07-22T11:06:47","guid":{"rendered":"https:\/\/prestige-e.com\/product\/metre-ruban-multi-outils-denwa-1m\/"},"modified":"2025-11-27T13:26:19","modified_gmt":"2025-11-27T12:26:19","slug":"metre-ruban-multi-outils-denwa-1m","status":"publish","type":"product","link":"https:\/\/prestige-e.com\/fr\/produit\/metre-ruban-multi-outils-denwa-1m\/","title":{"rendered":"M\u00e8tre ruban multi-outils Denwa 1m"},"content":{"rendered":"","protected":false},"excerpt":{"rendered":"<p>Multi-outil avec 7 fonctions, fabriqu\u00e9 en acier inoxydable et bambou. Comprend un m\u00e8tre ruban en centim\u00e8tres et pouces (1 m\u00e8tre de longueur), une cl\u00e9 pour \u00e9crous hexagonaux de diff\u00e9rentes tailles et un d\u00e9capsuleur. Il est \u00e9galement \u00e9quip\u00e9 d&rsquo;un mousqueton pour un transport facile. Pr\u00e9sent\u00e9 dans une bo\u00eete design en kraft.<br \/>\nLes mat\u00e9riaux comme le bambou favorisent l&rsquo;utilisation de mati\u00e8res premi\u00e8res naturelles, r\u00e9duisant ainsi les \u00e9missions polluantes. Il provient d&rsquo;une plante tr\u00e8s r\u00e9sistante et polyvalente \u00e0 croissance et r\u00e9g\u00e9n\u00e9ration rapides, ce qui en fait une excellente alternative au bois traditionnel.7 Fonctions     <\/p>\n<p><strong><u>Dimensions<\/u><\/strong> : 5,8 x 8,9 x 1,9 cm<\/p>\n<p><strong><u>Mat\u00e9riau<\/u><\/strong> : bambou et acier inoxydable<\/p>\n","protected":false},"featured_media":38369,"comment_status":"closed","ping_status":"closed","template":"","meta":{"inline_featured_image":false},"product_brand":[],"product_cat":[218,174,211,152],"product_tag":[],"class_list":{"0":"post-39297","1":"product","2":"type-product","3":"status-publish","4":"has-post-thumbnail","6":"product_cat-accessoires-art-de-vivre","7":"product_cat-art-de-vivre","8":"product_cat-articles-pour-la-maison-ecologie","9":"product_cat-ecologie","11":"first","12":"instock","13":"shipping-taxable","14":"purchasable","15":"product-type-simple"},"aioseo_notices":[],"_links":{"self":[{"href":"https:\/\/prestige-e.com\/fr\/wp-json\/wp\/v2\/product\/39297","targetHints":{"allow":["GET"]}}],"collection":[{"href":"https:\/\/prestige-e.com\/fr\/wp-json\/wp\/v2\/product"}],"about":[{"href":"https:\/\/prestige-e.com\/fr\/wp-json\/wp\/v2\/types\/product"}],"replies":[{"embeddable":true,"href":"https:\/\/prestige-e.com\/fr\/wp-json\/wp\/v2\/comments?post=39297"}],"wp:featuredmedia":[{"embeddable":true,"href":"https:\/\/prestige-e.com\/fr\/wp-json\/wp\/v2\/media\/38369"}],"wp:attachment":[{"href":"https:\/\/prestige-e.com\/fr\/wp-json\/wp\/v2\/media?parent=39297"}],"wp:term":[{"taxonomy":"product_brand","embeddable":true,"href":"https:\/\/prestige-e.com\/fr\/wp-json\/wp\/v2\/product_brand?post=39297"},{"taxonomy":"product_cat","embeddable":true,"href":"https:\/\/prestige-e.com\/fr\/wp-json\/wp\/v2\/product_cat?post=39297"},{"taxonomy":"product_tag","embeddable":true,"href":"https:\/\/prestige-e.com\/fr\/wp-json\/wp\/v2\/product_tag?post=39297"}],"curies":[{"name":"wp","href":"https:\/\/api.w.org\/{rel}","templated":true}]}}