{"id":39296,"date":"2024-07-22T13:09:45","date_gmt":"2024-07-22T11:09:45","guid":{"rendered":"https:\/\/prestige-e.com\/product\/loupe-rindex-20x\/"},"modified":"2025-11-27T13:26:19","modified_gmt":"2025-11-27T12:26:19","slug":"loupe-rindex-20x","status":"publish","type":"product","link":"https:\/\/prestige-e.com\/fr\/produit\/loupe-rindex-20x\/","title":{"rendered":"Loupe Rindex 20x"},"content":{"rendered":"","protected":false},"excerpt":{"rendered":"<p>Loupe pliante 20x en m\u00e9tal durable. Fort grossissement pour une vue tr\u00e8s rapproch\u00e9e des plus petits d\u00e9tails sans distorsion. Id\u00e9ale pour inspecter de minuscules objets, textes, etc. Elle poss\u00e8de \u00e9galement un accessoire de suspension et est livr\u00e9e dans un \u00e9tui avec int\u00e9rieur rembourr\u00e9 pour une protection suppl\u00e9mentaire. Pr\u00e9sent\u00e9e dans une bo\u00eete en carton noire.    <\/p>\n<p><strong><u>Dimension<\/u><\/strong>&nbsp;: 3,5 x 1,8 x 2,5 cm<\/p>\n<p><strong><u>Mat\u00e9riau<\/u><\/strong>&nbsp;: m\u00e9tal<\/p>\n","protected":false},"featured_media":38411,"comment_status":"closed","ping_status":"closed","template":"","meta":{"inline_featured_image":false},"product_brand":[],"product_cat":[146,178],"product_tag":[],"class_list":{"0":"post-39296","1":"product","2":"type-product","3":"status-publish","4":"has-post-thumbnail","6":"product_cat-articles-de-bureau","7":"product_cat-bureau-articles-de-bureau","9":"first","10":"instock","11":"shipping-taxable","12":"purchasable","13":"product-type-simple"},"aioseo_notices":[],"_links":{"self":[{"href":"https:\/\/prestige-e.com\/fr\/wp-json\/wp\/v2\/product\/39296","targetHints":{"allow":["GET"]}}],"collection":[{"href":"https:\/\/prestige-e.com\/fr\/wp-json\/wp\/v2\/product"}],"about":[{"href":"https:\/\/prestige-e.com\/fr\/wp-json\/wp\/v2\/types\/product"}],"replies":[{"embeddable":true,"href":"https:\/\/prestige-e.com\/fr\/wp-json\/wp\/v2\/comments?post=39296"}],"wp:featuredmedia":[{"embeddable":true,"href":"https:\/\/prestige-e.com\/fr\/wp-json\/wp\/v2\/media\/38411"}],"wp:attachment":[{"href":"https:\/\/prestige-e.com\/fr\/wp-json\/wp\/v2\/media?parent=39296"}],"wp:term":[{"taxonomy":"product_brand","embeddable":true,"href":"https:\/\/prestige-e.com\/fr\/wp-json\/wp\/v2\/product_brand?post=39296"},{"taxonomy":"product_cat","embeddable":true,"href":"https:\/\/prestige-e.com\/fr\/wp-json\/wp\/v2\/product_cat?post=39296"},{"taxonomy":"product_tag","embeddable":true,"href":"https:\/\/prestige-e.com\/fr\/wp-json\/wp\/v2\/product_tag?post=39296"}],"curies":[{"name":"wp","href":"https:\/\/api.w.org\/{rel}","templated":true}]}}