{"id":39295,"date":"2024-07-22T13:06:26","date_gmt":"2024-07-22T11:06:26","guid":{"rendered":"https:\/\/prestige-e.com\/product\/coffret-doutils-zephyr\/"},"modified":"2025-11-27T13:26:19","modified_gmt":"2025-11-27T12:26:19","slug":"coffret-doutils-zephyr","status":"publish","type":"product","link":"https:\/\/prestige-e.com\/fr\/produit\/coffret-doutils-zephyr\/","title":{"rendered":"Coffret d&rsquo;outils Zephyr"},"content":{"rendered":"","protected":false},"excerpt":{"rendered":"<p>Coffret d&rsquo;outils pratique fabriqu\u00e9 en paille de bl\u00e9, avec d\u00e9coupe int\u00e9rieure pour un ajustement parfait. Comprend un tournevis de pr\u00e9cision avec 24 accessoires, compos\u00e9 de diff\u00e9rents embouts : philips, allen et plats. Avec un logo en paille de bl\u00e9 inclus et pr\u00e9sent\u00e9 dans une bo\u00eete au design kraft.<br \/>\nLa paille de bl\u00e9 favorise l&rsquo;utilisation de mati\u00e8res premi\u00e8res naturelles, r\u00e9duisant ainsi les \u00e9missions polluantes. 24 accessoires   <\/p>\n<p><strong><u>Dimension<\/u><\/strong> : 16,6 x 1,8 x 6,8 cm<\/p>\n<p><strong><u>Mat\u00e9riau<\/u><\/strong> : paille de bl\u00e9 et ABS<\/p>\n","protected":false},"featured_media":38396,"comment_status":"closed","ping_status":"closed","template":"","meta":{"inline_featured_image":false},"product_brand":[],"product_cat":[218,174],"product_tag":[],"class_list":{"0":"post-39295","1":"product","2":"type-product","3":"status-publish","4":"has-post-thumbnail","6":"product_cat-accessoires-art-de-vivre","7":"product_cat-art-de-vivre","9":"first","10":"instock","11":"shipping-taxable","12":"purchasable","13":"product-type-simple"},"aioseo_notices":[],"_links":{"self":[{"href":"https:\/\/prestige-e.com\/fr\/wp-json\/wp\/v2\/product\/39295","targetHints":{"allow":["GET"]}}],"collection":[{"href":"https:\/\/prestige-e.com\/fr\/wp-json\/wp\/v2\/product"}],"about":[{"href":"https:\/\/prestige-e.com\/fr\/wp-json\/wp\/v2\/types\/product"}],"replies":[{"embeddable":true,"href":"https:\/\/prestige-e.com\/fr\/wp-json\/wp\/v2\/comments?post=39295"}],"wp:featuredmedia":[{"embeddable":true,"href":"https:\/\/prestige-e.com\/fr\/wp-json\/wp\/v2\/media\/38396"}],"wp:attachment":[{"href":"https:\/\/prestige-e.com\/fr\/wp-json\/wp\/v2\/media?parent=39295"}],"wp:term":[{"taxonomy":"product_brand","embeddable":true,"href":"https:\/\/prestige-e.com\/fr\/wp-json\/wp\/v2\/product_brand?post=39295"},{"taxonomy":"product_cat","embeddable":true,"href":"https:\/\/prestige-e.com\/fr\/wp-json\/wp\/v2\/product_cat?post=39295"},{"taxonomy":"product_tag","embeddable":true,"href":"https:\/\/prestige-e.com\/fr\/wp-json\/wp\/v2\/product_tag?post=39295"}],"curies":[{"name":"wp","href":"https:\/\/api.w.org\/{rel}","templated":true}]}}