{"id":39293,"date":"2024-07-22T13:06:01","date_gmt":"2024-07-22T11:06:01","guid":{"rendered":"https:\/\/prestige-e.com\/product\/eventail-sayiri\/"},"modified":"2025-11-27T13:26:19","modified_gmt":"2025-11-27T12:26:19","slug":"eventail-sayiri","status":"publish","type":"product","link":"https:\/\/prestige-e.com\/fr\/produit\/eventail-sayiri\/","title":{"rendered":"\u00c9ventail Sayiri"},"content":{"rendered":"","protected":false},"excerpt":{"rendered":"<p>\u00c9ventail fabriqu\u00e9 avec des c\u00f4tes en bois et du tissu dans une combinaison de coton et de polyester. De couleur naturelle et pr\u00e9sent\u00e9 dans une bo\u00eete individuelle en kraft. <\/p>\n<p><strong><u>Dimension<\/u><\/strong>&nbsp;: 42,5 x 23 cm<\/p>\n<p><strong><u>Mat\u00e9riau<\/u><\/strong>&nbsp;: Bois et polyester<\/p>\n","protected":false},"featured_media":38394,"comment_status":"closed","ping_status":"closed","template":"","meta":{"inline_featured_image":false},"product_brand":[],"product_cat":[218,174,211,204,148],"product_tag":[],"class_list":{"0":"post-39293","1":"product","2":"type-product","3":"status-publish","4":"has-post-thumbnail","6":"product_cat-accessoires-art-de-vivre","7":"product_cat-art-de-vivre","8":"product_cat-articles-pour-la-maison-ecologie","9":"product_cat-ete-mode","10":"product_cat-mode","12":"first","13":"instock","14":"shipping-taxable","15":"purchasable","16":"product-type-simple"},"aioseo_notices":[],"_links":{"self":[{"href":"https:\/\/prestige-e.com\/fr\/wp-json\/wp\/v2\/product\/39293","targetHints":{"allow":["GET"]}}],"collection":[{"href":"https:\/\/prestige-e.com\/fr\/wp-json\/wp\/v2\/product"}],"about":[{"href":"https:\/\/prestige-e.com\/fr\/wp-json\/wp\/v2\/types\/product"}],"replies":[{"embeddable":true,"href":"https:\/\/prestige-e.com\/fr\/wp-json\/wp\/v2\/comments?post=39293"}],"wp:featuredmedia":[{"embeddable":true,"href":"https:\/\/prestige-e.com\/fr\/wp-json\/wp\/v2\/media\/38394"}],"wp:attachment":[{"href":"https:\/\/prestige-e.com\/fr\/wp-json\/wp\/v2\/media?parent=39293"}],"wp:term":[{"taxonomy":"product_brand","embeddable":true,"href":"https:\/\/prestige-e.com\/fr\/wp-json\/wp\/v2\/product_brand?post=39293"},{"taxonomy":"product_cat","embeddable":true,"href":"https:\/\/prestige-e.com\/fr\/wp-json\/wp\/v2\/product_cat?post=39293"},{"taxonomy":"product_tag","embeddable":true,"href":"https:\/\/prestige-e.com\/fr\/wp-json\/wp\/v2\/product_tag?post=39293"}],"curies":[{"name":"wp","href":"https:\/\/api.w.org\/{rel}","templated":true}]}}