{"id":39292,"date":"2024-07-22T13:00:11","date_gmt":"2024-07-22T11:00:11","guid":{"rendered":"https:\/\/prestige-e.com\/product\/bouteille-isotherme-en-acier-inoxydable-recycle-certifie-rcs-gaia\/"},"modified":"2025-11-27T13:26:20","modified_gmt":"2025-11-27T12:26:20","slug":"bouteille-isotherme-en-acier-inoxydable-recycle-certifie-rcs-gaia","status":"publish","type":"product","link":"https:\/\/prestige-e.com\/fr\/produit\/bouteille-isotherme-en-acier-inoxydable-recycle-certifie-rcs-gaia\/","title":{"rendered":"Bouteille isotherme en acier inoxydable recycl\u00e9 certifi\u00e9 RCS Gaia"},"content":{"rendered":"","protected":false},"excerpt":{"rendered":"<p>\u00c9tanchez votre soif o\u00f9 que vous alliez avec la bouteille isotherme \u00e9tanche Gaia. Fabriqu\u00e9e en acier inoxydable recycl\u00e9 avec un couvercle \u00e9tanche en PP aspect bois, cette bouteille de 600 ml maintient vos boissons chaudes pendant 5 heures et froides pendant 15 heures. Avec sa finition lisse, cette bouteille isotherme est un incontournable de votre collection de contenants \u00e0 boisson. Sans BPA. Fabriqu\u00e9e avec des mat\u00e9riaux recycl\u00e9s certifi\u00e9s RCS (Recycled Claim Standard). La certification RCS garantit une cha\u00eene d&rsquo;approvisionnement enti\u00e8rement certifi\u00e9e des mat\u00e9riaux recycl\u00e9s. Contenu recycl\u00e9 total : 88 % bas\u00e9 sur le poids total de l&rsquo;article.      <\/p>\n<p><strong>Minimum order quantity required for this product:<\/strong><\/p>\n","protected":false},"featured_media":38351,"comment_status":"closed","ping_status":"closed","template":"","meta":{"inline_featured_image":false},"product_brand":[],"product_cat":[174,213,188,190,152,189],"product_tag":[],"class_list":{"0":"post-39292","1":"product","2":"type-product","3":"status-publish","4":"has-post-thumbnail","6":"product_cat-art-de-vivre","7":"product_cat-bouteilles-mugs-ecologie","8":"product_cat-bouteilles-mugs-lifestyle","9":"product_cat-bouteilles-mugs-voyage","10":"product_cat-ecologie","11":"product_cat-voyage","13":"first","14":"instock","15":"shipping-taxable","16":"purchasable","17":"product-type-simple"},"aioseo_notices":[],"_links":{"self":[{"href":"https:\/\/prestige-e.com\/fr\/wp-json\/wp\/v2\/product\/39292","targetHints":{"allow":["GET"]}}],"collection":[{"href":"https:\/\/prestige-e.com\/fr\/wp-json\/wp\/v2\/product"}],"about":[{"href":"https:\/\/prestige-e.com\/fr\/wp-json\/wp\/v2\/types\/product"}],"replies":[{"embeddable":true,"href":"https:\/\/prestige-e.com\/fr\/wp-json\/wp\/v2\/comments?post=39292"}],"wp:featuredmedia":[{"embeddable":true,"href":"https:\/\/prestige-e.com\/fr\/wp-json\/wp\/v2\/media\/38351"}],"wp:attachment":[{"href":"https:\/\/prestige-e.com\/fr\/wp-json\/wp\/v2\/media?parent=39292"}],"wp:term":[{"taxonomy":"product_brand","embeddable":true,"href":"https:\/\/prestige-e.com\/fr\/wp-json\/wp\/v2\/product_brand?post=39292"},{"taxonomy":"product_cat","embeddable":true,"href":"https:\/\/prestige-e.com\/fr\/wp-json\/wp\/v2\/product_cat?post=39292"},{"taxonomy":"product_tag","embeddable":true,"href":"https:\/\/prestige-e.com\/fr\/wp-json\/wp\/v2\/product_tag?post=39292"}],"curies":[{"name":"wp","href":"https:\/\/api.w.org\/{rel}","templated":true}]}}