{"id":39290,"date":"2024-07-22T12:59:39","date_gmt":"2024-07-22T10:59:39","guid":{"rendered":"https:\/\/prestige-e.com\/product\/boite-alimentaire-isotherme-savory-en-acier-inoxydable-recycle-certifie-rcs\/"},"modified":"2025-11-27T13:26:20","modified_gmt":"2025-11-27T12:26:20","slug":"boite-alimentaire-isotherme-savory-en-acier-inoxydable-recycle-certifie-rcs","status":"publish","type":"product","link":"https:\/\/prestige-e.com\/fr\/produit\/boite-alimentaire-isotherme-savory-en-acier-inoxydable-recycle-certifie-rcs\/","title":{"rendered":"Bo\u00eete alimentaire isotherme Savory en acier inoxydable recycl\u00e9 certifi\u00e9 RCS"},"content":{"rendered":"","protected":false},"excerpt":{"rendered":"<p>Bouteille isotherme en acier inoxydable de 400 ml avec double paroi et bambou.<br \/>\nLe r\u00e9cipient alimentaire Savory garde votre soupe chaude ou votre salade fra\u00eeche pendant des heures. 100 % \u00e9tanche. Fabriqu\u00e9 avec des mat\u00e9riaux recycl\u00e9s certifi\u00e9s RCS (Recycled Claim Standard). La certification RCS garantit une cha\u00eene d&rsquo;approvisionnement enti\u00e8rement certifi\u00e9e pour les mat\u00e9riaux recycl\u00e9s. Contenu recycl\u00e9 total : 66 % du poids total de l&rsquo;article. Sans BPA. Capacit\u00e9 de 400 ml. Emballage kraft certifi\u00e9 FSC\u00ae inclus.       <\/p>\n<p><strong><u>Dimension<\/u><\/strong> : 12,7 x 9,9 cm<\/p>\n<p><strong><u>Mat\u00e9riau<\/u><\/strong> : Acier inoxydable recycl\u00e9<\/p>\n","protected":false},"featured_media":38345,"comment_status":"closed","ping_status":"closed","template":"","meta":{"inline_featured_image":false},"product_brand":[],"product_cat":[174,213,188,190,152,189],"product_tag":[],"class_list":{"0":"post-39290","1":"product","2":"type-product","3":"status-publish","4":"has-post-thumbnail","6":"product_cat-art-de-vivre","7":"product_cat-bouteilles-mugs-ecologie","8":"product_cat-bouteilles-mugs-lifestyle","9":"product_cat-bouteilles-mugs-voyage","10":"product_cat-ecologie","11":"product_cat-voyage","13":"first","14":"instock","15":"shipping-taxable","16":"purchasable","17":"product-type-simple"},"aioseo_notices":[],"_links":{"self":[{"href":"https:\/\/prestige-e.com\/fr\/wp-json\/wp\/v2\/product\/39290","targetHints":{"allow":["GET"]}}],"collection":[{"href":"https:\/\/prestige-e.com\/fr\/wp-json\/wp\/v2\/product"}],"about":[{"href":"https:\/\/prestige-e.com\/fr\/wp-json\/wp\/v2\/types\/product"}],"replies":[{"embeddable":true,"href":"https:\/\/prestige-e.com\/fr\/wp-json\/wp\/v2\/comments?post=39290"}],"wp:featuredmedia":[{"embeddable":true,"href":"https:\/\/prestige-e.com\/fr\/wp-json\/wp\/v2\/media\/38345"}],"wp:attachment":[{"href":"https:\/\/prestige-e.com\/fr\/wp-json\/wp\/v2\/media?parent=39290"}],"wp:term":[{"taxonomy":"product_brand","embeddable":true,"href":"https:\/\/prestige-e.com\/fr\/wp-json\/wp\/v2\/product_brand?post=39290"},{"taxonomy":"product_cat","embeddable":true,"href":"https:\/\/prestige-e.com\/fr\/wp-json\/wp\/v2\/product_cat?post=39290"},{"taxonomy":"product_tag","embeddable":true,"href":"https:\/\/prestige-e.com\/fr\/wp-json\/wp\/v2\/product_tag?post=39290"}],"curies":[{"name":"wp","href":"https:\/\/api.w.org\/{rel}","templated":true}]}}