{"id":39289,"date":"2024-07-22T13:04:39","date_gmt":"2024-07-22T11:04:39","guid":{"rendered":"https:\/\/prestige-e.com\/product\/mug-garfun\/"},"modified":"2025-11-27T13:26:20","modified_gmt":"2025-11-27T12:26:20","slug":"mug-garfun","status":"publish","type":"product","link":"https:\/\/prestige-e.com\/fr\/produit\/mug-garfun\/","title":{"rendered":"Mug garfun"},"content":{"rendered":"","protected":false},"excerpt":{"rendered":"<p>Mug isotherme \u00e9l\u00e9gant \u00e0 double paroi d&rsquo;une capacit\u00e9 de 400 ml. Fabriqu\u00e9 en acier inoxydable recycl\u00e9, avec une poign\u00e9e en bois pour une prise en main confortable. Avec logo en acier inoxydable recycl\u00e9 et disponible en plusieurs couleurs. Pr\u00e9sent\u00e9 dans une bo\u00eete individuelle en kraft avec protection en papier.<br \/>\nL&rsquo;acier est l&rsquo;un des mat\u00e9riaux les plus demand\u00e9s et se retrouve presque partout, des produits du quotidien aux grandes constructions. Avec d&rsquo;innombrables propri\u00e9t\u00e9s, notamment la durabilit\u00e9 et un niveau \u00e9lev\u00e9 de r\u00e9utilisabilit\u00e9, c&rsquo;est une alternative tr\u00e8s appr\u00e9ci\u00e9e pour les solutions durables. Correctement trait\u00e9s, de nouvelles ressources \u00e0 usage infini peuvent \u00eatre obtenues.     <\/p>\n<p><strong><u>Dimension<\/u><\/strong>&nbsp;: 8,7 x 8,7 cm<\/p>\n<p><strong><u>Mat\u00e9riau<\/u><\/strong>&nbsp;: Acier inoxydable recycl\u00e9 et bois<\/p>\n","protected":false},"featured_media":38398,"comment_status":"closed","ping_status":"closed","template":"","meta":{"inline_featured_image":false},"product_brand":[],"product_cat":[174,213,188,190,152,189],"product_tag":[],"class_list":{"0":"post-39289","1":"product","2":"type-product","3":"status-publish","4":"has-post-thumbnail","6":"product_cat-art-de-vivre","7":"product_cat-bouteilles-mugs-ecologie","8":"product_cat-bouteilles-mugs-lifestyle","9":"product_cat-bouteilles-mugs-voyage","10":"product_cat-ecologie","11":"product_cat-voyage","13":"first","14":"instock","15":"shipping-taxable","16":"purchasable","17":"product-type-simple"},"aioseo_notices":[],"_links":{"self":[{"href":"https:\/\/prestige-e.com\/fr\/wp-json\/wp\/v2\/product\/39289","targetHints":{"allow":["GET"]}}],"collection":[{"href":"https:\/\/prestige-e.com\/fr\/wp-json\/wp\/v2\/product"}],"about":[{"href":"https:\/\/prestige-e.com\/fr\/wp-json\/wp\/v2\/types\/product"}],"replies":[{"embeddable":true,"href":"https:\/\/prestige-e.com\/fr\/wp-json\/wp\/v2\/comments?post=39289"}],"wp:featuredmedia":[{"embeddable":true,"href":"https:\/\/prestige-e.com\/fr\/wp-json\/wp\/v2\/media\/38398"}],"wp:attachment":[{"href":"https:\/\/prestige-e.com\/fr\/wp-json\/wp\/v2\/media?parent=39289"}],"wp:term":[{"taxonomy":"product_brand","embeddable":true,"href":"https:\/\/prestige-e.com\/fr\/wp-json\/wp\/v2\/product_brand?post=39289"},{"taxonomy":"product_cat","embeddable":true,"href":"https:\/\/prestige-e.com\/fr\/wp-json\/wp\/v2\/product_cat?post=39289"},{"taxonomy":"product_tag","embeddable":true,"href":"https:\/\/prestige-e.com\/fr\/wp-json\/wp\/v2\/product_tag?post=39289"}],"curies":[{"name":"wp","href":"https:\/\/api.w.org\/{rel}","templated":true}]}}