{"id":39287,"date":"2024-07-22T13:03:36","date_gmt":"2024-07-22T11:03:36","guid":{"rendered":"https:\/\/prestige-e.com\/product\/sac-multifonction-wisy\/"},"modified":"2025-11-27T13:26:20","modified_gmt":"2025-11-27T12:26:20","slug":"sac-multifonction-wisy","status":"publish","type":"product","link":"https:\/\/prestige-e.com\/fr\/produit\/sac-multifonction-wisy\/","title":{"rendered":"Sac multifonction Wisy"},"content":{"rendered":"","protected":false},"excerpt":{"rendered":"<p>Sac polyvalent pratique en coton recycl\u00e9. Versatile, avec une longue anse et une poche pour transporter confortablement des tasses, des verres ou tout autre objet. Disponible en diff\u00e9rentes couleurs et fabriqu\u00e9 en coton recycl\u00e9 doux avec une \u00e9tiquette distinctive.  <\/p>\n<p><strong><u>Dimensions<\/u><\/strong> : 18 x 22 cm<\/p>\n<p><strong><u>Mat\u00e9riau<\/u><\/strong> : Coton recycl\u00e9 150 g\/m\u00b2<\/p>\n","protected":false},"featured_media":38380,"comment_status":"closed","ping_status":"closed","template":"","meta":{"inline_featured_image":false},"product_brand":[],"product_cat":[174,211,152,220],"product_tag":[],"class_list":{"0":"post-39287","1":"product","2":"type-product","3":"status-publish","4":"has-post-thumbnail","6":"product_cat-art-de-vivre","7":"product_cat-articles-pour-la-maison-ecologie","8":"product_cat-ecologie","9":"product_cat-salon-cuisine-art-de-vivre","11":"first","12":"instock","13":"shipping-taxable","14":"purchasable","15":"product-type-simple"},"aioseo_notices":[],"_links":{"self":[{"href":"https:\/\/prestige-e.com\/fr\/wp-json\/wp\/v2\/product\/39287","targetHints":{"allow":["GET"]}}],"collection":[{"href":"https:\/\/prestige-e.com\/fr\/wp-json\/wp\/v2\/product"}],"about":[{"href":"https:\/\/prestige-e.com\/fr\/wp-json\/wp\/v2\/types\/product"}],"replies":[{"embeddable":true,"href":"https:\/\/prestige-e.com\/fr\/wp-json\/wp\/v2\/comments?post=39287"}],"wp:featuredmedia":[{"embeddable":true,"href":"https:\/\/prestige-e.com\/fr\/wp-json\/wp\/v2\/media\/38380"}],"wp:attachment":[{"href":"https:\/\/prestige-e.com\/fr\/wp-json\/wp\/v2\/media?parent=39287"}],"wp:term":[{"taxonomy":"product_brand","embeddable":true,"href":"https:\/\/prestige-e.com\/fr\/wp-json\/wp\/v2\/product_brand?post=39287"},{"taxonomy":"product_cat","embeddable":true,"href":"https:\/\/prestige-e.com\/fr\/wp-json\/wp\/v2\/product_cat?post=39287"},{"taxonomy":"product_tag","embeddable":true,"href":"https:\/\/prestige-e.com\/fr\/wp-json\/wp\/v2\/product_tag?post=39287"}],"curies":[{"name":"wp","href":"https:\/\/api.w.org\/{rel}","templated":true}]}}