{"id":39286,"date":"2024-07-22T12:58:07","date_gmt":"2024-07-22T10:58:07","guid":{"rendered":"https:\/\/prestige-e.com\/product\/bouteille-isotherme-flow-en-acier-inoxydable-recycle-rcs\/"},"modified":"2025-11-27T13:26:21","modified_gmt":"2025-11-27T12:26:21","slug":"bouteille-isotherme-flow-en-acier-inoxydable-recycle-rcs","status":"publish","type":"product","link":"https:\/\/prestige-e.com\/fr\/produit\/bouteille-isotherme-flow-en-acier-inoxydable-recycle-rcs\/","title":{"rendered":"Bouteille isotherme Flow en acier inoxydable recycl\u00e9 RCS"},"content":{"rendered":"","protected":false},"excerpt":{"rendered":"<p>La bouteille isotherme Flow en acier inoxydable recycl\u00e9 RCS est con\u00e7ue pour une d\u00e9gustation durable de vos boissons. La construction isotherme \u00e0 double paroi en acier inoxydable recycl\u00e9 maintient les boissons fra\u00eeches jusqu&rsquo;\u00e0 15 heures ou chaudes jusqu&rsquo;\u00e0 5 heures. Conception en trois parties : facile \u00e0 remplir et facile \u00e0 d\u00e9monter pour le nettoyage. Fabriqu\u00e9e avec des mat\u00e9riaux recycl\u00e9s certifi\u00e9s RCS (Recycled Claim Standard). La certification RCS garantit une cha\u00eene d&rsquo;approvisionnement enti\u00e8rement certifi\u00e9e des mat\u00e9riaux recycl\u00e9s. Contenu recycl\u00e9 total : 75 % bas\u00e9 sur le poids total de l&rsquo;article. Sans BPA. Capacit\u00e9 540 ml. Convient pour les boissons jusqu&rsquo;\u00e0 75\u2103. Emballage kraft certifi\u00e9 FSC\u00ae inclus. Design d\u00e9pos\u00e9\u00ae          <\/p>\n<p><strong><u>Dimension<\/u><\/strong> : 22,5 x 7,4 cm<\/p>\n<p><strong><u>Mat\u00e9riau<\/u><\/strong> : Acier inoxydable recycl\u00e9<\/p>\n<p>&nbsp;<\/p>\n","protected":false},"featured_media":38366,"comment_status":"closed","ping_status":"closed","template":"","meta":{"inline_featured_image":false},"product_brand":[],"product_cat":[174,213,188,190,152,189],"product_tag":[],"class_list":{"0":"post-39286","1":"product","2":"type-product","3":"status-publish","4":"has-post-thumbnail","6":"product_cat-art-de-vivre","7":"product_cat-bouteilles-mugs-ecologie","8":"product_cat-bouteilles-mugs-lifestyle","9":"product_cat-bouteilles-mugs-voyage","10":"product_cat-ecologie","11":"product_cat-voyage","13":"first","14":"instock","15":"shipping-taxable","16":"purchasable","17":"product-type-simple"},"aioseo_notices":[],"_links":{"self":[{"href":"https:\/\/prestige-e.com\/fr\/wp-json\/wp\/v2\/product\/39286","targetHints":{"allow":["GET"]}}],"collection":[{"href":"https:\/\/prestige-e.com\/fr\/wp-json\/wp\/v2\/product"}],"about":[{"href":"https:\/\/prestige-e.com\/fr\/wp-json\/wp\/v2\/types\/product"}],"replies":[{"embeddable":true,"href":"https:\/\/prestige-e.com\/fr\/wp-json\/wp\/v2\/comments?post=39286"}],"wp:featuredmedia":[{"embeddable":true,"href":"https:\/\/prestige-e.com\/fr\/wp-json\/wp\/v2\/media\/38366"}],"wp:attachment":[{"href":"https:\/\/prestige-e.com\/fr\/wp-json\/wp\/v2\/media?parent=39286"}],"wp:term":[{"taxonomy":"product_brand","embeddable":true,"href":"https:\/\/prestige-e.com\/fr\/wp-json\/wp\/v2\/product_brand?post=39286"},{"taxonomy":"product_cat","embeddable":true,"href":"https:\/\/prestige-e.com\/fr\/wp-json\/wp\/v2\/product_cat?post=39286"},{"taxonomy":"product_tag","embeddable":true,"href":"https:\/\/prestige-e.com\/fr\/wp-json\/wp\/v2\/product_tag?post=39286"}],"curies":[{"name":"wp","href":"https:\/\/api.w.org\/{rel}","templated":true}]}}