{"id":39285,"date":"2024-07-22T13:01:34","date_gmt":"2024-07-22T11:01:34","guid":{"rendered":"https:\/\/prestige-e.com\/product\/boite-repas-avira-atlas-rcs-en-pp-recycle-700-ml\/"},"modified":"2025-11-27T13:26:20","modified_gmt":"2025-11-27T12:26:20","slug":"boite-repas-avira-atlas-rcs-en-pp-recycle-700-ml","status":"publish","type":"product","link":"https:\/\/prestige-e.com\/fr\/produit\/boite-repas-avira-atlas-rcs-en-pp-recycle-700-ml\/","title":{"rendered":"Bo\u00eete repas Avira Atlas RCS en PP recycl\u00e9 700 ml"},"content":{"rendered":"","protected":false},"excerpt":{"rendered":"<p>Bo\u00eete repas Atlas 700 ml fabriqu\u00e9e \u00e0 partir de plastique recycl\u00e9 certifi\u00e9 RCS. Commencez d\u00e8s aujourd&rsquo;hui \u00e0 utiliser des bo\u00eetes repas \u00e0 faible impact environnemental. Elle est fabriqu\u00e9e \u00e0 partir de mat\u00e9riaux recycl\u00e9s certifi\u00e9s RCS (Recycled Claim Standard), garantissant une cha\u00eene d&rsquo;approvisionnement enti\u00e8rement certifi\u00e9e en mat\u00e9riaux recycl\u00e9s. Avec un contenu recycl\u00e9 total de 62 % en poids, elle est respectueuse de l&rsquo;environnement et sans BPA. Emball\u00e9e dans du papier kraft certifi\u00e9 FSC\u00ae, vous pouvez m\u00eame r\u00e9utiliser la bo\u00eete comme support de t\u00e9l\u00e9phone, porte-crayons ou pot de fleurs ! 2 % des recettes de chaque produit Impact vendu seront revers\u00e9s \u00e0 Water.org.     <\/p>\n<p><strong><u>Dimensions<\/u><\/strong> : 14,4 x 19 x 6,3 cm<\/p>\n<p><strong><u>Mat\u00e9riau<\/u><\/strong> : Polypropyl\u00e8ne recycl\u00e9<\/p>\n","protected":false},"featured_media":38363,"comment_status":"closed","ping_status":"closed","template":"","meta":{"inline_featured_image":false},"product_brand":[],"product_cat":[174,211,152,220],"product_tag":[],"class_list":{"0":"post-39285","1":"product","2":"type-product","3":"status-publish","4":"has-post-thumbnail","6":"product_cat-art-de-vivre","7":"product_cat-articles-pour-la-maison-ecologie","8":"product_cat-ecologie","9":"product_cat-salon-cuisine-art-de-vivre","11":"first","12":"instock","13":"shipping-taxable","14":"purchasable","15":"product-type-simple"},"aioseo_notices":[],"_links":{"self":[{"href":"https:\/\/prestige-e.com\/fr\/wp-json\/wp\/v2\/product\/39285","targetHints":{"allow":["GET"]}}],"collection":[{"href":"https:\/\/prestige-e.com\/fr\/wp-json\/wp\/v2\/product"}],"about":[{"href":"https:\/\/prestige-e.com\/fr\/wp-json\/wp\/v2\/types\/product"}],"replies":[{"embeddable":true,"href":"https:\/\/prestige-e.com\/fr\/wp-json\/wp\/v2\/comments?post=39285"}],"wp:featuredmedia":[{"embeddable":true,"href":"https:\/\/prestige-e.com\/fr\/wp-json\/wp\/v2\/media\/38363"}],"wp:attachment":[{"href":"https:\/\/prestige-e.com\/fr\/wp-json\/wp\/v2\/media?parent=39285"}],"wp:term":[{"taxonomy":"product_brand","embeddable":true,"href":"https:\/\/prestige-e.com\/fr\/wp-json\/wp\/v2\/product_brand?post=39285"},{"taxonomy":"product_cat","embeddable":true,"href":"https:\/\/prestige-e.com\/fr\/wp-json\/wp\/v2\/product_cat?post=39285"},{"taxonomy":"product_tag","embeddable":true,"href":"https:\/\/prestige-e.com\/fr\/wp-json\/wp\/v2\/product_tag?post=39285"}],"curies":[{"name":"wp","href":"https:\/\/api.w.org\/{rel}","templated":true}]}}