{"id":39283,"date":"2024-07-22T12:52:33","date_gmt":"2024-07-22T10:52:33","guid":{"rendered":"https:\/\/prestige-e.com\/product\/sangle-de-bagage-chengu\/"},"modified":"2025-11-27T13:26:21","modified_gmt":"2025-11-27T12:26:21","slug":"sangle-de-bagage-chengu","status":"publish","type":"product","link":"https:\/\/prestige-e.com\/fr\/produit\/sangle-de-bagage-chengu\/","title":{"rendered":"Sangle de bagage chengu"},"content":{"rendered":"","protected":false},"excerpt":{"rendered":"<p>Sangle de bagage en polyester durable. Avec fermeture \u00e0 boucle et syst\u00e8me de verrouillage \u00e0 3 chiffres. De couleur noire \u00e9l\u00e9gante et d&rsquo;une longueur de 2 m. Pr\u00e9sent\u00e9e dans un sac individuel en papier recycl\u00e9. Dispositif de s\u00e9curit\u00e9    <\/p>\n<p><strong><u>Dimension<\/u><\/strong> : 200 x 6 cm<\/p>\n<p><strong><u>Mati\u00e8re<\/u><\/strong> : polyester<\/p>\n","protected":false},"featured_media":38328,"comment_status":"closed","ping_status":"closed","template":"","meta":{"inline_featured_image":false},"product_brand":[],"product_cat":[225,189],"product_tag":[],"class_list":{"0":"post-39283","1":"product","2":"type-product","3":"status-publish","4":"has-post-thumbnail","6":"product_cat-accessoires-voyage","7":"product_cat-voyage","9":"first","10":"instock","11":"shipping-taxable","12":"purchasable","13":"product-type-simple"},"aioseo_notices":[],"_links":{"self":[{"href":"https:\/\/prestige-e.com\/fr\/wp-json\/wp\/v2\/product\/39283","targetHints":{"allow":["GET"]}}],"collection":[{"href":"https:\/\/prestige-e.com\/fr\/wp-json\/wp\/v2\/product"}],"about":[{"href":"https:\/\/prestige-e.com\/fr\/wp-json\/wp\/v2\/types\/product"}],"replies":[{"embeddable":true,"href":"https:\/\/prestige-e.com\/fr\/wp-json\/wp\/v2\/comments?post=39283"}],"wp:featuredmedia":[{"embeddable":true,"href":"https:\/\/prestige-e.com\/fr\/wp-json\/wp\/v2\/media\/38328"}],"wp:attachment":[{"href":"https:\/\/prestige-e.com\/fr\/wp-json\/wp\/v2\/media?parent=39283"}],"wp:term":[{"taxonomy":"product_brand","embeddable":true,"href":"https:\/\/prestige-e.com\/fr\/wp-json\/wp\/v2\/product_brand?post=39283"},{"taxonomy":"product_cat","embeddable":true,"href":"https:\/\/prestige-e.com\/fr\/wp-json\/wp\/v2\/product_cat?post=39283"},{"taxonomy":"product_tag","embeddable":true,"href":"https:\/\/prestige-e.com\/fr\/wp-json\/wp\/v2\/product_tag?post=39283"}],"curies":[{"name":"wp","href":"https:\/\/api.w.org\/{rel}","templated":true}]}}