{"id":39282,"date":"2024-07-22T12:57:38","date_gmt":"2024-07-22T10:57:38","guid":{"rendered":"https:\/\/prestige-e.com\/product\/bouteille-deau-deluxe-en-acier-inoxydable-recycle-rcs\/"},"modified":"2025-11-27T13:26:21","modified_gmt":"2025-11-27T12:26:21","slug":"bouteille-deau-deluxe-en-acier-inoxydable-recycle-rcs","status":"publish","type":"product","link":"https:\/\/prestige-e.com\/fr\/produit\/bouteille-deau-deluxe-en-acier-inoxydable-recycle-rcs\/","title":{"rendered":"Bouteille d&rsquo;eau deluxe en acier inoxydable recycl\u00e9 RCS"},"content":{"rendered":"","protected":false},"excerpt":{"rendered":"<p>Cette bouteille r\u00e9utilisable, de taille parfaite et l\u00e9g\u00e8re, est fabriqu\u00e9e en acier inoxydable recycl\u00e9 18\/8 durable. \u00c9tanche et parfaite pour le transport et l&rsquo;hydratation quotidiens. Recommand\u00e9e uniquement pour l&rsquo;eau froide. Fabriqu\u00e9e avec des mat\u00e9riaux recycl\u00e9s certifi\u00e9s RCS (Recycled Claim Standard). La certification RCS garantit une cha\u00eene d&rsquo;approvisionnement enti\u00e8rement certifi\u00e9e des mat\u00e9riaux recycl\u00e9s. Contenu total recycl\u00e9 : 80 % du poids total de l&rsquo;article. Sans BPA. Capacit\u00e9 500 ml. Incluant un emballage kraft certifi\u00e9 FSC\u00ae.        <\/p>\n<p><strong><u>Dimensions<\/u><\/strong> : 21,5 x 6,6 cm<\/p>\n<p><strong><u>Mat\u00e9riau<\/u><\/strong>&nbsp;: acier inoxydable recycl\u00e9<\/p>\n","protected":false},"featured_media":38359,"comment_status":"closed","ping_status":"closed","template":"","meta":{"inline_featured_image":false},"product_brand":[],"product_cat":[174,213,188,190,152,189],"product_tag":[],"class_list":{"0":"post-39282","1":"product","2":"type-product","3":"status-publish","4":"has-post-thumbnail","6":"product_cat-art-de-vivre","7":"product_cat-bouteilles-mugs-ecologie","8":"product_cat-bouteilles-mugs-lifestyle","9":"product_cat-bouteilles-mugs-voyage","10":"product_cat-ecologie","11":"product_cat-voyage","13":"first","14":"instock","15":"shipping-taxable","16":"purchasable","17":"product-type-simple"},"aioseo_notices":[],"_links":{"self":[{"href":"https:\/\/prestige-e.com\/fr\/wp-json\/wp\/v2\/product\/39282","targetHints":{"allow":["GET"]}}],"collection":[{"href":"https:\/\/prestige-e.com\/fr\/wp-json\/wp\/v2\/product"}],"about":[{"href":"https:\/\/prestige-e.com\/fr\/wp-json\/wp\/v2\/types\/product"}],"replies":[{"embeddable":true,"href":"https:\/\/prestige-e.com\/fr\/wp-json\/wp\/v2\/comments?post=39282"}],"wp:featuredmedia":[{"embeddable":true,"href":"https:\/\/prestige-e.com\/fr\/wp-json\/wp\/v2\/media\/38359"}],"wp:attachment":[{"href":"https:\/\/prestige-e.com\/fr\/wp-json\/wp\/v2\/media?parent=39282"}],"wp:term":[{"taxonomy":"product_brand","embeddable":true,"href":"https:\/\/prestige-e.com\/fr\/wp-json\/wp\/v2\/product_brand?post=39282"},{"taxonomy":"product_cat","embeddable":true,"href":"https:\/\/prestige-e.com\/fr\/wp-json\/wp\/v2\/product_cat?post=39282"},{"taxonomy":"product_tag","embeddable":true,"href":"https:\/\/prestige-e.com\/fr\/wp-json\/wp\/v2\/product_tag?post=39282"}],"curies":[{"name":"wp","href":"https:\/\/api.w.org\/{rel}","templated":true}]}}