{"id":39281,"date":"2024-07-22T12:57:11","date_gmt":"2024-07-22T10:57:11","guid":{"rendered":"https:\/\/prestige-e.com\/product\/bouteille-rcs-rpet-avec-couvercle-en-bambou\/"},"modified":"2025-11-27T13:26:21","modified_gmt":"2025-11-27T12:26:21","slug":"bouteille-rcs-rpet-avec-couvercle-en-bambou","status":"publish","type":"product","link":"https:\/\/prestige-e.com\/fr\/produit\/bouteille-rcs-rpet-avec-couvercle-en-bambou\/","title":{"rendered":"Bouteille RCS rPET avec couvercle en bambou"},"content":{"rendered":"","protected":false},"excerpt":{"rendered":"<p>Cette bouteille d&rsquo;eau en rPET \u00e0 paroi simple est dot\u00e9e d&rsquo;un \u00e9l\u00e9gant couvercle en bambou certifi\u00e9 FSC. Le corps de la bouteille est fabriqu\u00e9 en rPET certifi\u00e9 RCS \u00e0 100 %. La certification RCS garantit une cha\u00eene d&rsquo;approvisionnement enti\u00e8rement certifi\u00e9e des mat\u00e9riaux recycl\u00e9s. Lavage \u00e0 la main uniquement. Ce produit est destin\u00e9 uniquement aux boissons froides. Contenu total recycl\u00e9 : 75 % du poids total de l&rsquo;article. Sans BPA. Capacit\u00e9 660 ml. Inclut un emballage kraft certifi\u00e9 FSC\u00ae.        <\/p>\n<p><strong><u>Dimensions<\/u><\/strong> : 20,6 x 7,4 x 7,4 cm<\/p>\n<p><strong><u>Mat\u00e9riau<\/u><\/strong> : rPET et Bambou<\/p>\n","protected":false},"featured_media":38354,"comment_status":"closed","ping_status":"closed","template":"","meta":{"inline_featured_image":false},"product_brand":[],"product_cat":[174,213,188,190,152,189],"product_tag":[],"class_list":{"0":"post-39281","1":"product","2":"type-product","3":"status-publish","4":"has-post-thumbnail","6":"product_cat-art-de-vivre","7":"product_cat-bouteilles-mugs-ecologie","8":"product_cat-bouteilles-mugs-lifestyle","9":"product_cat-bouteilles-mugs-voyage","10":"product_cat-ecologie","11":"product_cat-voyage","13":"first","14":"instock","15":"shipping-taxable","16":"purchasable","17":"product-type-simple"},"aioseo_notices":[],"_links":{"self":[{"href":"https:\/\/prestige-e.com\/fr\/wp-json\/wp\/v2\/product\/39281","targetHints":{"allow":["GET"]}}],"collection":[{"href":"https:\/\/prestige-e.com\/fr\/wp-json\/wp\/v2\/product"}],"about":[{"href":"https:\/\/prestige-e.com\/fr\/wp-json\/wp\/v2\/types\/product"}],"replies":[{"embeddable":true,"href":"https:\/\/prestige-e.com\/fr\/wp-json\/wp\/v2\/comments?post=39281"}],"wp:featuredmedia":[{"embeddable":true,"href":"https:\/\/prestige-e.com\/fr\/wp-json\/wp\/v2\/media\/38354"}],"wp:attachment":[{"href":"https:\/\/prestige-e.com\/fr\/wp-json\/wp\/v2\/media?parent=39281"}],"wp:term":[{"taxonomy":"product_brand","embeddable":true,"href":"https:\/\/prestige-e.com\/fr\/wp-json\/wp\/v2\/product_brand?post=39281"},{"taxonomy":"product_cat","embeddable":true,"href":"https:\/\/prestige-e.com\/fr\/wp-json\/wp\/v2\/product_cat?post=39281"},{"taxonomy":"product_tag","embeddable":true,"href":"https:\/\/prestige-e.com\/fr\/wp-json\/wp\/v2\/product_tag?post=39281"}],"curies":[{"name":"wp","href":"https:\/\/api.w.org\/{rel}","templated":true}]}}