{"id":39280,"date":"2024-07-22T12:52:09","date_gmt":"2024-07-22T10:52:09","guid":{"rendered":"https:\/\/prestige-e.com\/product\/trolley-pliable-dopkin\/"},"modified":"2025-11-27T13:26:21","modified_gmt":"2025-11-27T12:26:21","slug":"trolley-pliable-dopkin","status":"publish","type":"product","link":"https:\/\/prestige-e.com\/fr\/produit\/trolley-pliable-dopkin\/","title":{"rendered":"Trolley pliable Dopkin"},"content":{"rendered":"","protected":false},"excerpt":{"rendered":"<p>Trolley pliable pratique avec 4 roues pivotantes, en ABS rigide. Partie centrale extensible du trolley avec double fermeture \u00e9clair et double tirette. \u00c9quip\u00e9 d&rsquo;une poche rembourr\u00e9e pour un ordinateur portable jusqu&rsquo;\u00e0 15 pouces et d&rsquo;une poche avant pour une tablette jusqu&rsquo;\u00e0 10 pouces. Serrure standard TSA (Transportation Security Administration), qui permet aux autorit\u00e9s douani\u00e8res d&rsquo;inspecter le contenu des bagages sans avoir \u00e0 forcer ou \u00e0 casser la serrure, au moyen d&rsquo;une cl\u00e9 sp\u00e9ciale mise \u00e0 la disposition de l&rsquo;autorit\u00e9. Rigide. 4 roues rotatives. Compartiment rembourr\u00e9 pour ordinateur portable. Serrure \u00e0 combinaison TSA       <\/p>\n<p><strong><u>Dimension<\/u><\/strong> : 35 x 54 x 24,5 cm<\/p>\n<p><strong><u>Mat\u00e9riau<\/u><\/strong> : ABS<\/p>\n","protected":false},"featured_media":38319,"comment_status":"closed","ping_status":"closed","template":"","meta":{"inline_featured_image":false},"product_brand":[],"product_cat":[224,189],"product_tag":[],"class_list":{"0":"post-39280","1":"product","2":"type-product","3":"status-publish","4":"has-post-thumbnail","6":"product_cat-sacs-voyage","7":"product_cat-voyage","9":"first","10":"instock","11":"shipping-taxable","12":"purchasable","13":"product-type-simple"},"aioseo_notices":[],"_links":{"self":[{"href":"https:\/\/prestige-e.com\/fr\/wp-json\/wp\/v2\/product\/39280","targetHints":{"allow":["GET"]}}],"collection":[{"href":"https:\/\/prestige-e.com\/fr\/wp-json\/wp\/v2\/product"}],"about":[{"href":"https:\/\/prestige-e.com\/fr\/wp-json\/wp\/v2\/types\/product"}],"replies":[{"embeddable":true,"href":"https:\/\/prestige-e.com\/fr\/wp-json\/wp\/v2\/comments?post=39280"}],"wp:featuredmedia":[{"embeddable":true,"href":"https:\/\/prestige-e.com\/fr\/wp-json\/wp\/v2\/media\/38319"}],"wp:attachment":[{"href":"https:\/\/prestige-e.com\/fr\/wp-json\/wp\/v2\/media?parent=39280"}],"wp:term":[{"taxonomy":"product_brand","embeddable":true,"href":"https:\/\/prestige-e.com\/fr\/wp-json\/wp\/v2\/product_brand?post=39280"},{"taxonomy":"product_cat","embeddable":true,"href":"https:\/\/prestige-e.com\/fr\/wp-json\/wp\/v2\/product_cat?post=39280"},{"taxonomy":"product_tag","embeddable":true,"href":"https:\/\/prestige-e.com\/fr\/wp-json\/wp\/v2\/product_tag?post=39280"}],"curies":[{"name":"wp","href":"https:\/\/api.w.org\/{rel}","templated":true}]}}