{"id":39278,"date":"2024-07-22T12:51:38","date_gmt":"2024-07-22T10:51:38","guid":{"rendered":"https:\/\/prestige-e.com\/product\/parapluie-tempete-76-cm\/"},"modified":"2025-11-27T13:26:22","modified_gmt":"2025-11-27T12:26:22","slug":"parapluie-tempete-76-cm","status":"publish","type":"product","link":"https:\/\/prestige-e.com\/fr\/produit\/parapluie-tempete-76-cm\/","title":{"rendered":"Parapluie temp\u00eate 76 cm"},"content":{"rendered":"","protected":false},"excerpt":{"rendered":"<p>Parapluie coupe-vent 76 cm \u00e0 ouverture manuelle en pong\u00e9 190T (4 panneaux) et mat\u00e9riau r\u00e9fl\u00e9chissant (4 panneaux) avec armature, baleines et m\u00e2t en fibre de verre. Poign\u00e9e droite en ABS avec finition caoutchout\u00e9e. Fermeture manuelle.  <\/p>\n<p><strong><u>Dimension<\/u><\/strong> : 132 x 96,3 cm<\/p>\n<p><strong><u>Mat\u00e9riau<\/u><\/strong> : PET<\/p>\n","protected":false},"featured_media":38311,"comment_status":"closed","ping_status":"closed","template":"","meta":{"inline_featured_image":false},"product_brand":[],"product_cat":[171,148],"product_tag":[],"class_list":{"0":"post-39278","1":"product","2":"type-product","3":"status-publish","4":"has-post-thumbnail","6":"product_cat-accessoires-mode","7":"product_cat-mode","9":"first","10":"instock","11":"shipping-taxable","12":"purchasable","13":"product-type-simple"},"aioseo_notices":[],"_links":{"self":[{"href":"https:\/\/prestige-e.com\/fr\/wp-json\/wp\/v2\/product\/39278","targetHints":{"allow":["GET"]}}],"collection":[{"href":"https:\/\/prestige-e.com\/fr\/wp-json\/wp\/v2\/product"}],"about":[{"href":"https:\/\/prestige-e.com\/fr\/wp-json\/wp\/v2\/types\/product"}],"replies":[{"embeddable":true,"href":"https:\/\/prestige-e.com\/fr\/wp-json\/wp\/v2\/comments?post=39278"}],"wp:featuredmedia":[{"embeddable":true,"href":"https:\/\/prestige-e.com\/fr\/wp-json\/wp\/v2\/media\/38311"}],"wp:attachment":[{"href":"https:\/\/prestige-e.com\/fr\/wp-json\/wp\/v2\/media?parent=39278"}],"wp:term":[{"taxonomy":"product_brand","embeddable":true,"href":"https:\/\/prestige-e.com\/fr\/wp-json\/wp\/v2\/product_brand?post=39278"},{"taxonomy":"product_cat","embeddable":true,"href":"https:\/\/prestige-e.com\/fr\/wp-json\/wp\/v2\/product_cat?post=39278"},{"taxonomy":"product_tag","embeddable":true,"href":"https:\/\/prestige-e.com\/fr\/wp-json\/wp\/v2\/product_tag?post=39278"}],"curies":[{"name":"wp","href":"https:\/\/api.w.org\/{rel}","templated":true}]}}