{"id":39277,"date":"2024-07-22T12:50:41","date_gmt":"2024-07-22T10:50:41","guid":{"rendered":"https:\/\/prestige-e.com\/product\/etiquette-de-bagage-river-avec-fenetre-en-plastique-recycle\/"},"modified":"2025-11-27T13:26:22","modified_gmt":"2025-11-27T12:26:22","slug":"etiquette-de-bagage-river-avec-fenetre-en-plastique-recycle","status":"publish","type":"product","link":"https:\/\/prestige-e.com\/fr\/produit\/etiquette-de-bagage-river-avec-fenetre-en-plastique-recycle\/","title":{"rendered":"\u00c9tiquette de bagage River avec fen\u00eatre en plastique recycl\u00e9"},"content":{"rendered":"","protected":false},"excerpt":{"rendered":"<p>Un indispensable du voyage ! Une \u00e9tiquette de bagage r\u00e9sistante avec un insert en papier, une protection transparente et une attache en plastique assortie. Fabriqu\u00e9e en plastique recycl\u00e9. En raison de la nature du plastique recycl\u00e9, les nuances de couleur peuvent l\u00e9g\u00e8rement varier et des mouchetures de couleur peuvent appara\u00eetre. Fabriqu\u00e9e au Royaume-Uni. Plastique HIPS recycl\u00e9.     <\/p>\n<p><strong><u>Dimensions<\/u><\/strong> : 8 x 4 x 0,5 cm<\/p>\n<p><strong><u>Mat\u00e9riau<\/u><\/strong> : plastique HIPS recycl\u00e9<\/p>\n","protected":false},"featured_media":38305,"comment_status":"closed","ping_status":"closed","template":"","meta":{"inline_featured_image":false},"product_brand":[],"product_cat":[225,189],"product_tag":[],"class_list":{"0":"post-39277","1":"product","2":"type-product","3":"status-publish","4":"has-post-thumbnail","6":"product_cat-accessoires-voyage","7":"product_cat-voyage","9":"first","10":"instock","11":"shipping-taxable","12":"purchasable","13":"product-type-simple"},"aioseo_notices":[],"_links":{"self":[{"href":"https:\/\/prestige-e.com\/fr\/wp-json\/wp\/v2\/product\/39277","targetHints":{"allow":["GET"]}}],"collection":[{"href":"https:\/\/prestige-e.com\/fr\/wp-json\/wp\/v2\/product"}],"about":[{"href":"https:\/\/prestige-e.com\/fr\/wp-json\/wp\/v2\/types\/product"}],"replies":[{"embeddable":true,"href":"https:\/\/prestige-e.com\/fr\/wp-json\/wp\/v2\/comments?post=39277"}],"wp:featuredmedia":[{"embeddable":true,"href":"https:\/\/prestige-e.com\/fr\/wp-json\/wp\/v2\/media\/38305"}],"wp:attachment":[{"href":"https:\/\/prestige-e.com\/fr\/wp-json\/wp\/v2\/media?parent=39277"}],"wp:term":[{"taxonomy":"product_brand","embeddable":true,"href":"https:\/\/prestige-e.com\/fr\/wp-json\/wp\/v2\/product_brand?post=39277"},{"taxonomy":"product_cat","embeddable":true,"href":"https:\/\/prestige-e.com\/fr\/wp-json\/wp\/v2\/product_cat?post=39277"},{"taxonomy":"product_tag","embeddable":true,"href":"https:\/\/prestige-e.com\/fr\/wp-json\/wp\/v2\/product_tag?post=39277"}],"curies":[{"name":"wp","href":"https:\/\/api.w.org\/{rel}","templated":true}]}}