{"id":39275,"date":"2024-07-22T12:53:03","date_gmt":"2024-07-22T10:53:03","guid":{"rendered":"https:\/\/prestige-e.com\/product\/sac-a-dos-denehy\/"},"modified":"2025-11-27T13:26:21","modified_gmt":"2025-11-27T12:26:21","slug":"sac-a-dos-denehy","status":"publish","type":"product","link":"https:\/\/prestige-e.com\/fr\/produit\/sac-a-dos-denehy\/","title":{"rendered":"Sac \u00e0 dos Denehy"},"content":{"rendered":"","protected":false},"excerpt":{"rendered":"<p>Sac \u00e0 dos\/sac fabriqu\u00e9 en cuir PU r\u00e9sistant et souple. Son compartiment central se ferme avec une double tirette. Il dispose \u00e9galement d&rsquo;une poche lat\u00e9rale ind\u00e9pendante et d&rsquo;une poche suppl\u00e9mentaire de l&rsquo;autre c\u00f4t\u00e9, toutes deux avec fermeture \u00e9clair. \u00c0 la base se trouve une poche sp\u00e9cialement con\u00e7ue pour les chaussures. Il comprend \u00e9galement une poche ext\u00e9rieure en maille. Il offre trois options de transport : comme sac \u00e0 dos, avec des poign\u00e9es rembourr\u00e9es et pliables ; comme sac \u00e0 main ; ou comme sac bandouli\u00e8re, avec une bandouli\u00e8re r\u00e9glable. Les fermetures \u00e9clair sont discr\u00e8tement dissimul\u00e9es pour un design \u00e9l\u00e9gant. Pr\u00e9sent\u00e9 dans un sac individuel.       <\/p>\n<p>Dos et bretelles rembourr\u00e9s. Compartiment \u00e0 chaussures <\/p>\n<p><strong><u>Dimension<\/u><\/strong> : 52 x 26 x 25 cm<\/p>\n<p><strong><u>Mat\u00e9riau<\/u><\/strong> : PU<\/p>\n","protected":false},"featured_media":38335,"comment_status":"closed","ping_status":"closed","template":"","meta":{"inline_featured_image":false},"product_brand":[],"product_cat":[224,189],"product_tag":[],"class_list":{"0":"post-39275","1":"product","2":"type-product","3":"status-publish","4":"has-post-thumbnail","6":"product_cat-sacs-voyage","7":"product_cat-voyage","9":"first","10":"instock","11":"shipping-taxable","12":"purchasable","13":"product-type-simple"},"aioseo_notices":[],"_links":{"self":[{"href":"https:\/\/prestige-e.com\/fr\/wp-json\/wp\/v2\/product\/39275","targetHints":{"allow":["GET"]}}],"collection":[{"href":"https:\/\/prestige-e.com\/fr\/wp-json\/wp\/v2\/product"}],"about":[{"href":"https:\/\/prestige-e.com\/fr\/wp-json\/wp\/v2\/types\/product"}],"replies":[{"embeddable":true,"href":"https:\/\/prestige-e.com\/fr\/wp-json\/wp\/v2\/comments?post=39275"}],"wp:featuredmedia":[{"embeddable":true,"href":"https:\/\/prestige-e.com\/fr\/wp-json\/wp\/v2\/media\/38335"}],"wp:attachment":[{"href":"https:\/\/prestige-e.com\/fr\/wp-json\/wp\/v2\/media?parent=39275"}],"wp:term":[{"taxonomy":"product_brand","embeddable":true,"href":"https:\/\/prestige-e.com\/fr\/wp-json\/wp\/v2\/product_brand?post=39275"},{"taxonomy":"product_cat","embeddable":true,"href":"https:\/\/prestige-e.com\/fr\/wp-json\/wp\/v2\/product_cat?post=39275"},{"taxonomy":"product_tag","embeddable":true,"href":"https:\/\/prestige-e.com\/fr\/wp-json\/wp\/v2\/product_tag?post=39275"}],"curies":[{"name":"wp","href":"https:\/\/api.w.org\/{rel}","templated":true}]}}