{"id":39274,"date":"2024-07-22T12:49:57","date_gmt":"2024-07-22T10:49:57","guid":{"rendered":"https:\/\/prestige-e.com\/product\/valise-cabine-rover-20-grs-recyclee-40l\/"},"modified":"2025-11-27T13:26:22","modified_gmt":"2025-11-27T12:26:22","slug":"valise-cabine-rover-20-grs-recyclee-40l","status":"publish","type":"product","link":"https:\/\/prestige-e.com\/fr\/produit\/valise-cabine-rover-20-grs-recyclee-40l\/","title":{"rendered":"Valise cabine Rover 20&Prime; GRS recycl\u00e9e 40L"},"content":{"rendered":"","protected":false},"excerpt":{"rendered":"<p>Fabriqu\u00e9e en plastique recycl\u00e9 r\u00e9sistant aux chocs et doublure en rPET, la valise cabine Rover 20&Prime; est synonyme de qualit\u00e9. Elle dispose d&rsquo;un cadre en aluminium \u00e0 double tube, de 4 roues pivotantes \u00e0 360 degr\u00e9s, d&rsquo;un verrou \u00e0 combinaison TSA int\u00e9gr\u00e9, d&rsquo;une poign\u00e9e facile \u00e0 saisir pour plus de confort, et de compartiments int\u00e9rieurs de rangement. Elle peut \u00eatre emport\u00e9e comme bagage \u00e0 main sur la plupart des compagnies a\u00e9riennes principales. Cette valise est certifi\u00e9e GRS, y compris l&rsquo;impression, ce qui en fait un choix plus responsable. ABS recycl\u00e9 certifi\u00e9 GRS.    <\/p>\n<p><strong><u>Dimensions<\/u><\/strong> : 35 x 21,5 x 55 cm<\/p>\n<p><strong><u>Mat\u00e9riau<\/u><\/strong> : ABS recycl\u00e9 certifi\u00e9 GRS<\/p>\n","protected":false},"featured_media":38333,"comment_status":"closed","ping_status":"closed","template":"","meta":{"inline_featured_image":false},"product_brand":[],"product_cat":[152,212,224,189],"product_tag":[],"class_list":{"0":"post-39274","1":"product","2":"type-product","3":"status-publish","4":"has-post-thumbnail","6":"product_cat-ecologie","7":"product_cat-sacs-ecologie","8":"product_cat-sacs-voyage","9":"product_cat-voyage","11":"first","12":"instock","13":"shipping-taxable","14":"purchasable","15":"product-type-simple"},"aioseo_notices":[],"_links":{"self":[{"href":"https:\/\/prestige-e.com\/fr\/wp-json\/wp\/v2\/product\/39274","targetHints":{"allow":["GET"]}}],"collection":[{"href":"https:\/\/prestige-e.com\/fr\/wp-json\/wp\/v2\/product"}],"about":[{"href":"https:\/\/prestige-e.com\/fr\/wp-json\/wp\/v2\/types\/product"}],"replies":[{"embeddable":true,"href":"https:\/\/prestige-e.com\/fr\/wp-json\/wp\/v2\/comments?post=39274"}],"wp:featuredmedia":[{"embeddable":true,"href":"https:\/\/prestige-e.com\/fr\/wp-json\/wp\/v2\/media\/38333"}],"wp:attachment":[{"href":"https:\/\/prestige-e.com\/fr\/wp-json\/wp\/v2\/media?parent=39274"}],"wp:term":[{"taxonomy":"product_brand","embeddable":true,"href":"https:\/\/prestige-e.com\/fr\/wp-json\/wp\/v2\/product_brand?post=39274"},{"taxonomy":"product_cat","embeddable":true,"href":"https:\/\/prestige-e.com\/fr\/wp-json\/wp\/v2\/product_cat?post=39274"},{"taxonomy":"product_tag","embeddable":true,"href":"https:\/\/prestige-e.com\/fr\/wp-json\/wp\/v2\/product_tag?post=39274"}],"curies":[{"name":"wp","href":"https:\/\/api.w.org\/{rel}","templated":true}]}}