{"id":39271,"date":"2024-07-22T12:35:40","date_gmt":"2024-07-22T10:35:40","guid":{"rendered":"https:\/\/prestige-e.com\/product\/hub-terra-rcs-en-aluminium-recycle-avec-entree-hdmi\/"},"modified":"2025-11-27T13:26:23","modified_gmt":"2025-11-27T12:26:23","slug":"hub-terra-rcs-en-aluminium-recycle-avec-entree-hdmi","status":"publish","type":"product","link":"https:\/\/prestige-e.com\/fr\/produit\/hub-terra-rcs-en-aluminium-recycle-avec-entree-hdmi\/","title":{"rendered":"Hub Terra RCS en aluminium recycl\u00e9 avec entr\u00e9e HDMI"},"content":{"rendered":"","protected":false},"excerpt":{"rendered":"<p>Hub fabriqu\u00e9 en aluminium recycl\u00e9 certifi\u00e9 RCS (Recycled Claim Standard), ABS, TPE et PET. Avec 1 port USB A 2.0, 1 port USB A 3.0, 1 port Type-C et un port HDMI 4K. Le hub est \u00e9quip\u00e9 d&rsquo;un c\u00e2ble Type-C int\u00e9gr\u00e9 de 10 cm fabriqu\u00e9 \u00e0 partir de mat\u00e9riaux TPE\/PET recycl\u00e9s certifi\u00e9s RCS. Contenu total recycl\u00e9 : 58 % du poids total de l&rsquo;article. La certification RCS garantit une cha\u00eene d&rsquo;approvisionnement enti\u00e8rement certifi\u00e9e pour les mat\u00e9riaux recycl\u00e9s. Dot\u00e9 d&rsquo;un connecteur \u00e0 double entr\u00e9e, il est compatible avec les ordinateurs Type-C et USB-A. L&rsquo;aluminium ne perd pas ses caract\u00e9ristiques lors du processus de recyclage et peut \u00eatre recycl\u00e9 ind\u00e9finiment. L&rsquo;article et ses accessoires sont 100 % sans PVC. Emball\u00e9 dans un packaging FSC mix. Prend en charge le transfert de donn\u00e9es.         <\/p>\n<p><strong><u>Dimension<\/u><\/strong> : 9,6 x 2,8 x 1 cm<\/p>\n<p><strong><u>Mat\u00e9riau<\/u><\/strong> : ABS recycl\u00e9 et TPE recycl\u00e9<\/p>\n","protected":false},"featured_media":38306,"comment_status":"closed","ping_status":"closed","template":"","meta":{"inline_featured_image":false},"product_brand":[],"product_cat":[226,214,223,146,152,189],"product_tag":[],"class_list":{"0":"post-39271","1":"product","2":"type-product","3":"status-publish","4":"has-post-thumbnail","6":"product_cat-appareils-bureau","7":"product_cat-appareils-ecologie","8":"product_cat-appareils-voyage","9":"product_cat-articles-de-bureau","10":"product_cat-ecologie","11":"product_cat-voyage","13":"first","14":"instock","15":"shipping-taxable","16":"purchasable","17":"product-type-simple"},"aioseo_notices":[],"_links":{"self":[{"href":"https:\/\/prestige-e.com\/fr\/wp-json\/wp\/v2\/product\/39271","targetHints":{"allow":["GET"]}}],"collection":[{"href":"https:\/\/prestige-e.com\/fr\/wp-json\/wp\/v2\/product"}],"about":[{"href":"https:\/\/prestige-e.com\/fr\/wp-json\/wp\/v2\/types\/product"}],"replies":[{"embeddable":true,"href":"https:\/\/prestige-e.com\/fr\/wp-json\/wp\/v2\/comments?post=39271"}],"wp:featuredmedia":[{"embeddable":true,"href":"https:\/\/prestige-e.com\/fr\/wp-json\/wp\/v2\/media\/38306"}],"wp:attachment":[{"href":"https:\/\/prestige-e.com\/fr\/wp-json\/wp\/v2\/media?parent=39271"}],"wp:term":[{"taxonomy":"product_brand","embeddable":true,"href":"https:\/\/prestige-e.com\/fr\/wp-json\/wp\/v2\/product_brand?post=39271"},{"taxonomy":"product_cat","embeddable":true,"href":"https:\/\/prestige-e.com\/fr\/wp-json\/wp\/v2\/product_cat?post=39271"},{"taxonomy":"product_tag","embeddable":true,"href":"https:\/\/prestige-e.com\/fr\/wp-json\/wp\/v2\/product_tag?post=39271"}],"curies":[{"name":"wp","href":"https:\/\/api.w.org\/{rel}","templated":true}]}}