{"id":39270,"date":"2024-07-22T12:39:48","date_gmt":"2024-07-22T10:39:48","guid":{"rendered":"https:\/\/prestige-e.com\/product\/sac-de-voyage-basique-kazu-aware-rpet\/"},"modified":"2025-11-27T13:26:22","modified_gmt":"2025-11-27T12:26:22","slug":"sac-de-voyage-basique-kazu-aware-rpet","status":"publish","type":"product","link":"https:\/\/prestige-e.com\/fr\/produit\/sac-de-voyage-basique-kazu-aware-rpet\/","title":{"rendered":"Sac de voyage basique Kazu AWARE\u2122 rPET"},"content":{"rendered":"","protected":false},"excerpt":{"rendered":"<p>Ce sac de sport est fabriqu\u00e9 en polyester 100 % recycl\u00e9 et int\u00e8gre le traceur AWARE\u2122. Sa conception spacieuse permet un acc\u00e8s facile aux essentiels, avec une poche frontale zipp\u00e9e pour une meilleure organisation. Le sac s&rsquo;adapte \u00e0 votre style gr\u00e2ce \u00e0 ses sangles de transport polyvalentes. 2 % des recettes de chaque produit vendu avec AWARE\u2122 seront revers\u00e9s \u00e0 Water.org.   <\/p>\n<p><strong><u>Dimensions<\/u><\/strong> : 50,5 x 23 x 25,5 cm<\/p>\n<p><strong><u>Mat\u00e9riau<\/u><\/strong> : rPET<\/p>\n","protected":false},"featured_media":38503,"comment_status":"closed","ping_status":"closed","template":"","meta":{"inline_featured_image":false},"product_brand":[],"product_cat":[152,212,224,189],"product_tag":[],"class_list":{"0":"post-39270","1":"product","2":"type-product","3":"status-publish","4":"has-post-thumbnail","6":"product_cat-ecologie","7":"product_cat-sacs-ecologie","8":"product_cat-sacs-voyage","9":"product_cat-voyage","11":"first","12":"instock","13":"shipping-taxable","14":"purchasable","15":"product-type-simple"},"aioseo_notices":[],"_links":{"self":[{"href":"https:\/\/prestige-e.com\/fr\/wp-json\/wp\/v2\/product\/39270","targetHints":{"allow":["GET"]}}],"collection":[{"href":"https:\/\/prestige-e.com\/fr\/wp-json\/wp\/v2\/product"}],"about":[{"href":"https:\/\/prestige-e.com\/fr\/wp-json\/wp\/v2\/types\/product"}],"replies":[{"embeddable":true,"href":"https:\/\/prestige-e.com\/fr\/wp-json\/wp\/v2\/comments?post=39270"}],"wp:featuredmedia":[{"embeddable":true,"href":"https:\/\/prestige-e.com\/fr\/wp-json\/wp\/v2\/media\/38503"}],"wp:attachment":[{"href":"https:\/\/prestige-e.com\/fr\/wp-json\/wp\/v2\/media?parent=39270"}],"wp:term":[{"taxonomy":"product_brand","embeddable":true,"href":"https:\/\/prestige-e.com\/fr\/wp-json\/wp\/v2\/product_brand?post=39270"},{"taxonomy":"product_cat","embeddable":true,"href":"https:\/\/prestige-e.com\/fr\/wp-json\/wp\/v2\/product_cat?post=39270"},{"taxonomy":"product_tag","embeddable":true,"href":"https:\/\/prestige-e.com\/fr\/wp-json\/wp\/v2\/product_tag?post=39270"}],"curies":[{"name":"wp","href":"https:\/\/api.w.org\/{rel}","templated":true}]}}