{"id":39269,"date":"2024-07-22T12:34:51","date_gmt":"2024-07-22T10:34:51","guid":{"rendered":"https:\/\/prestige-e.com\/product\/enceinte-stereo-yoyo\/"},"modified":"2025-11-27T13:26:23","modified_gmt":"2025-11-27T12:26:23","slug":"enceinte-stereo-yoyo","status":"publish","type":"product","link":"https:\/\/prestige-e.com\/fr\/produit\/enceinte-stereo-yoyo\/","title":{"rendered":"Enceinte st\u00e9r\u00e9o Yoyo"},"content":{"rendered":"","protected":false},"excerpt":{"rendered":"<p>Ne vous fiez pas \u00e0 ses 3 cm de hauteur, cette enceinte Bluetooth a tout d&rsquo;une grande ! Elle fonctionne comme un mini haut-parleur portable et vous permet de profiter du meilleur de votre musique au bout des doigts. Avec son \u00e9lastique int\u00e9gr\u00e9, vous ne la quitterez plus ! L&rsquo;enceinte Yoyo est un bo\u00eetier ultra-compact de 3 watts b\u00e9n\u00e9ficiant de la technologie sans fil Bluetooth 4.2 et d&rsquo;une batterie lithium-polym\u00e8re. Vous pouvez \u00e9galement capturer vos meilleurs moments gr\u00e2ce \u00e0 sa t\u00e9l\u00e9commande selfie int\u00e9gr\u00e9e. La plus petite des enceintes Bluetooth vient r\u00e9volutionner votre int\u00e9rieur !     <\/p>\n<p><strong><u>Dimensions<\/u><\/strong> : 3,4 \u00d7 3,4 \u00d7 3,1 cm<\/p>\n","protected":false},"featured_media":38297,"comment_status":"closed","ping_status":"closed","template":"","meta":{"inline_featured_image":false},"product_brand":[],"product_cat":[175,223,174,189],"product_tag":[],"class_list":{"0":"post-39269","1":"product","2":"type-product","3":"status-publish","4":"has-post-thumbnail","6":"product_cat-appareils-art-de-vivre","7":"product_cat-appareils-voyage","8":"product_cat-art-de-vivre","9":"product_cat-voyage","11":"first","12":"instock","13":"shipping-taxable","14":"purchasable","15":"product-type-simple"},"aioseo_notices":[],"_links":{"self":[{"href":"https:\/\/prestige-e.com\/fr\/wp-json\/wp\/v2\/product\/39269","targetHints":{"allow":["GET"]}}],"collection":[{"href":"https:\/\/prestige-e.com\/fr\/wp-json\/wp\/v2\/product"}],"about":[{"href":"https:\/\/prestige-e.com\/fr\/wp-json\/wp\/v2\/types\/product"}],"replies":[{"embeddable":true,"href":"https:\/\/prestige-e.com\/fr\/wp-json\/wp\/v2\/comments?post=39269"}],"wp:featuredmedia":[{"embeddable":true,"href":"https:\/\/prestige-e.com\/fr\/wp-json\/wp\/v2\/media\/38297"}],"wp:attachment":[{"href":"https:\/\/prestige-e.com\/fr\/wp-json\/wp\/v2\/media?parent=39269"}],"wp:term":[{"taxonomy":"product_brand","embeddable":true,"href":"https:\/\/prestige-e.com\/fr\/wp-json\/wp\/v2\/product_brand?post=39269"},{"taxonomy":"product_cat","embeddable":true,"href":"https:\/\/prestige-e.com\/fr\/wp-json\/wp\/v2\/product_cat?post=39269"},{"taxonomy":"product_tag","embeddable":true,"href":"https:\/\/prestige-e.com\/fr\/wp-json\/wp\/v2\/product_tag?post=39269"}],"curies":[{"name":"wp","href":"https:\/\/api.w.org\/{rel}","templated":true}]}}