{"id":39268,"date":"2024-07-22T12:39:22","date_gmt":"2024-07-22T10:39:22","guid":{"rendered":"https:\/\/prestige-e.com\/product\/sac-a-dos-antivol-bobby-soft\/"},"modified":"2025-11-27T13:26:22","modified_gmt":"2025-11-27T12:26:22","slug":"sac-a-dos-antivol-bobby-soft","status":"publish","type":"product","link":"https:\/\/prestige-e.com\/fr\/produit\/sac-a-dos-antivol-bobby-soft\/","title":{"rendered":"Sac \u00e0 dos antivol Bobby Soft"},"content":{"rendered":"","protected":false},"excerpt":{"rendered":"<p>Pour l&rsquo;universit\u00e9, l&rsquo;\u00e9cole, le travail ou votre prochain voyage, le sac \u00e0 dos Bobby Soft est pr\u00eat ! Le design antivol embl\u00e9matique de Bobby, avec ses poches cach\u00e9es prot\u00e9g\u00e9es RFID, son absence d&rsquo;acc\u00e8s frontal et ses fermetures \u00e9clair dissimul\u00e9es, est d\u00e9sormais compl\u00e9t\u00e9 par un syst\u00e8me de verrouillage \u00e0 glissi\u00e8re. Dans le compartiment principal, vous pouvez facilement organiser vos affaires gr\u00e2ce \u00e0 un compartiment rembourr\u00e9 pour ordinateur portable 15,6&Prime;, une poche pour carnet, des poches intelligentes et un porte-cl\u00e9s. Le haut du sac \u00e0 dos est extensible, offrant un espace suppl\u00e9mentaire. Ce sac \u00e0 dos est \u00e9galement \u00e9quip\u00e9 d&rsquo;un port de chargement USB int\u00e9gr\u00e9 et d&rsquo;un mat\u00e9riau hydrofuge. Fabriqu\u00e9 \u00e0 partir de tissu R-pet avec le traceur AWARE\u2122. Avec AWARE\u2122, l&rsquo;utilisation de tissu recycl\u00e9 authentique est garantie. 46% de contenu recycl\u00e9. Design d\u00e9pos\u00e9\u00ae        <\/p>\n<p><strong><u>Dimensions<\/u><\/strong> : 30 x 18 x 45 cm<\/p>\n<p><strong><u>Mat\u00e9riau<\/u><\/strong> : rPET<\/p>\n","protected":false},"featured_media":38495,"comment_status":"closed","ping_status":"closed","template":"","meta":{"inline_featured_image":false},"product_brand":[],"product_cat":[146,227,224,189],"product_tag":[],"class_list":{"0":"post-39268","1":"product","2":"type-product","3":"status-publish","4":"has-post-thumbnail","6":"product_cat-articles-de-bureau","7":"product_cat-sacs-bureau","8":"product_cat-sacs-voyage","9":"product_cat-voyage","11":"first","12":"instock","13":"shipping-taxable","14":"purchasable","15":"product-type-simple"},"aioseo_notices":[],"_links":{"self":[{"href":"https:\/\/prestige-e.com\/fr\/wp-json\/wp\/v2\/product\/39268","targetHints":{"allow":["GET"]}}],"collection":[{"href":"https:\/\/prestige-e.com\/fr\/wp-json\/wp\/v2\/product"}],"about":[{"href":"https:\/\/prestige-e.com\/fr\/wp-json\/wp\/v2\/types\/product"}],"replies":[{"embeddable":true,"href":"https:\/\/prestige-e.com\/fr\/wp-json\/wp\/v2\/comments?post=39268"}],"wp:featuredmedia":[{"embeddable":true,"href":"https:\/\/prestige-e.com\/fr\/wp-json\/wp\/v2\/media\/38495"}],"wp:attachment":[{"href":"https:\/\/prestige-e.com\/fr\/wp-json\/wp\/v2\/media?parent=39268"}],"wp:term":[{"taxonomy":"product_brand","embeddable":true,"href":"https:\/\/prestige-e.com\/fr\/wp-json\/wp\/v2\/product_brand?post=39268"},{"taxonomy":"product_cat","embeddable":true,"href":"https:\/\/prestige-e.com\/fr\/wp-json\/wp\/v2\/product_cat?post=39268"},{"taxonomy":"product_tag","embeddable":true,"href":"https:\/\/prestige-e.com\/fr\/wp-json\/wp\/v2\/product_tag?post=39268"}],"curies":[{"name":"wp","href":"https:\/\/api.w.org\/{rel}","templated":true}]}}