{"id":39267,"date":"2024-07-22T12:34:34","date_gmt":"2024-07-22T10:34:34","guid":{"rendered":"https:\/\/prestige-e.com\/product\/batterie-externe-7000-mah-avec-adaptateur-multiple\/"},"modified":"2025-11-27T13:26:23","modified_gmt":"2025-11-27T12:26:23","slug":"batterie-externe-7000-mah-avec-adaptateur-multiple","status":"publish","type":"product","link":"https:\/\/prestige-e.com\/fr\/produit\/batterie-externe-7000-mah-avec-adaptateur-multiple\/","title":{"rendered":"Batterie externe 7000 mAh avec adaptateur multiple"},"content":{"rendered":"","protected":false},"excerpt":{"rendered":"<p>Votre solution tout-en-un pour un voyage toujours plus connect\u00e9&nbsp;! Le pack de charge Xoopar Hepta&nbsp;: une batterie externe de 7000&nbsp;mAh, suffisante pour charger 3&nbsp;fois votre smartphone, combin\u00e9e \u00e0 un c\u00e2ble multiconnecteur d\u20191&nbsp;m de long pour plus de libert\u00e9. Caract\u00e9ristiques&nbsp;: Batterie&nbsp;: Puissance&nbsp;: 7000&nbsp;mAh Charge jusqu\u2019\u00e0 3&nbsp;fois un smartphone C\u00e2ble&nbsp;: Multi-c\u00e2bles&nbsp;: un m\u00e8tre de long Entr\u00e9e&nbsp;: USB-C et USB Sortie&nbsp;: lightning, USB-C &amp; Micro-USB Produit&nbsp;: Compatible avec tout type d\u2019appareil (smartphone, \u00e9couteurs sans fil, GoPro, etc.) Produit garanti 2&nbsp;ans Le nouveau pack Bio est d\u00e9velopp\u00e9 dans une d\u00e9marche de progr\u00e8s. Nous vous expliquons tout&nbsp;: 25&nbsp;% du volume total du produit est fabriqu\u00e9 \u00e0 partir de plastique recycl\u00e9 Emballage en papier certifi\u00e9 FSC issu de for\u00eats g\u00e9r\u00e9es durablement Sujets&nbsp;: 50&nbsp;% ABS recycl\u00e9 48&nbsp;% TPE recycl\u00e9 Marquage&nbsp;: Fabriqu\u00e9 en France Encres certifi\u00e9es NF71.3 Tampo 1&nbsp;couleur et + (num\u00e9rique) Possibilit\u00e9 de marquage recto verso sur les deux produits.   <\/p>\n<p><strong><u>Dimension<\/u><\/strong>&nbsp;: 11,7 x 5,15 x 1,4 cm<\/p>\n<p><strong><u>Mat\u00e9riau<\/u><\/strong> : ABS recycl\u00e9 et TPE recycl\u00e9<\/p>\n","protected":false},"featured_media":38289,"comment_status":"closed","ping_status":"closed","template":"","meta":{"inline_featured_image":false},"product_brand":[],"product_cat":[226,214,223,152,189],"product_tag":[],"class_list":{"0":"post-39267","1":"product","2":"type-product","3":"status-publish","4":"has-post-thumbnail","6":"product_cat-appareils-bureau","7":"product_cat-appareils-ecologie","8":"product_cat-appareils-voyage","9":"product_cat-ecologie","10":"product_cat-voyage","12":"first","13":"instock","14":"shipping-taxable","15":"purchasable","16":"product-type-simple"},"aioseo_notices":[],"_links":{"self":[{"href":"https:\/\/prestige-e.com\/fr\/wp-json\/wp\/v2\/product\/39267","targetHints":{"allow":["GET"]}}],"collection":[{"href":"https:\/\/prestige-e.com\/fr\/wp-json\/wp\/v2\/product"}],"about":[{"href":"https:\/\/prestige-e.com\/fr\/wp-json\/wp\/v2\/types\/product"}],"replies":[{"embeddable":true,"href":"https:\/\/prestige-e.com\/fr\/wp-json\/wp\/v2\/comments?post=39267"}],"wp:featuredmedia":[{"embeddable":true,"href":"https:\/\/prestige-e.com\/fr\/wp-json\/wp\/v2\/media\/38289"}],"wp:attachment":[{"href":"https:\/\/prestige-e.com\/fr\/wp-json\/wp\/v2\/media?parent=39267"}],"wp:term":[{"taxonomy":"product_brand","embeddable":true,"href":"https:\/\/prestige-e.com\/fr\/wp-json\/wp\/v2\/product_brand?post=39267"},{"taxonomy":"product_cat","embeddable":true,"href":"https:\/\/prestige-e.com\/fr\/wp-json\/wp\/v2\/product_cat?post=39267"},{"taxonomy":"product_tag","embeddable":true,"href":"https:\/\/prestige-e.com\/fr\/wp-json\/wp\/v2\/product_tag?post=39267"}],"curies":[{"name":"wp","href":"https:\/\/api.w.org\/{rel}","templated":true}]}}