{"id":39266,"date":"2024-07-22T12:38:29","date_gmt":"2024-07-22T10:38:29","guid":{"rendered":"https:\/\/prestige-e.com\/product\/valise-trolley-38l\/"},"modified":"2025-11-27T13:26:22","modified_gmt":"2025-11-27T12:26:22","slug":"valise-trolley-38l","status":"publish","type":"product","link":"https:\/\/prestige-e.com\/fr\/produit\/valise-trolley-38l\/","title":{"rendered":"Valise trolley 38L"},"content":{"rendered":"","protected":false},"excerpt":{"rendered":"<p>D\u00e9couvrez notre Valise Trolley &#8211; l&rsquo;alliance parfaite entre praticit\u00e9 et \u00e9l\u00e9gance. Voyagez sans effort avec ce compagnon de route \u00e9l\u00e9gant et robuste. Dot\u00e9e de compartiments spacieux et d&rsquo;une poign\u00e9e r\u00e9tractable, elle est con\u00e7ue pour une mobilit\u00e9 optimale. Sublimez vos d\u00e9placements avec un trolley qui allie fonctionnalit\u00e9 et sophistication.   <\/p>\n<p><strong><u>Dimensions<\/u><\/strong> : 65 x 35 x 22 cm<\/p>\n<p><strong><u>Mat\u00e9riau<\/u><\/strong> : PVC<\/p>\n","protected":false},"featured_media":38324,"comment_status":"closed","ping_status":"closed","template":"","meta":{"inline_featured_image":false},"product_brand":[],"product_cat":[224,189],"product_tag":[],"class_list":{"0":"post-39266","1":"product","2":"type-product","3":"status-publish","4":"has-post-thumbnail","6":"product_cat-sacs-voyage","7":"product_cat-voyage","9":"first","10":"instock","11":"shipping-taxable","12":"purchasable","13":"product-type-simple"},"aioseo_notices":[],"_links":{"self":[{"href":"https:\/\/prestige-e.com\/fr\/wp-json\/wp\/v2\/product\/39266","targetHints":{"allow":["GET"]}}],"collection":[{"href":"https:\/\/prestige-e.com\/fr\/wp-json\/wp\/v2\/product"}],"about":[{"href":"https:\/\/prestige-e.com\/fr\/wp-json\/wp\/v2\/types\/product"}],"replies":[{"embeddable":true,"href":"https:\/\/prestige-e.com\/fr\/wp-json\/wp\/v2\/comments?post=39266"}],"wp:featuredmedia":[{"embeddable":true,"href":"https:\/\/prestige-e.com\/fr\/wp-json\/wp\/v2\/media\/38324"}],"wp:attachment":[{"href":"https:\/\/prestige-e.com\/fr\/wp-json\/wp\/v2\/media?parent=39266"}],"wp:term":[{"taxonomy":"product_brand","embeddable":true,"href":"https:\/\/prestige-e.com\/fr\/wp-json\/wp\/v2\/product_brand?post=39266"},{"taxonomy":"product_cat","embeddable":true,"href":"https:\/\/prestige-e.com\/fr\/wp-json\/wp\/v2\/product_cat?post=39266"},{"taxonomy":"product_tag","embeddable":true,"href":"https:\/\/prestige-e.com\/fr\/wp-json\/wp\/v2\/product_tag?post=39266"}],"curies":[{"name":"wp","href":"https:\/\/api.w.org\/{rel}","templated":true}]}}