{"id":39265,"date":"2024-07-22T12:38:03","date_gmt":"2024-07-22T10:38:03","guid":{"rendered":"https:\/\/prestige-e.com\/product\/sac-de-sport-sac-a-dos-karo-rpet-27l\/"},"modified":"2025-11-27T13:26:22","modified_gmt":"2025-11-27T12:26:22","slug":"sac-de-sport-sac-a-dos-karo-rpet-27l","status":"publish","type":"product","link":"https:\/\/prestige-e.com\/fr\/produit\/sac-de-sport-sac-a-dos-karo-rpet-27l\/","title":{"rendered":"Sac de sport \/ sac \u00e0 dos karo rPET 27L"},"content":{"rendered":"","protected":false},"excerpt":{"rendered":"<p>D\u00e9couvrez le polyvalent sac \u00e0 dos de sport Karo rPET \u2013 \u00e0 la fois sac de sport et sac \u00e0 dos, il sera votre compagnon \u00e9co-responsable id\u00e9al pour vos aventures sportives. Restez organis\u00e9 et \u00e9l\u00e9gant de mani\u00e8re durable lors de vos d\u00e9placements. <\/p>\n<p><strong><u>Dimensions<\/u><\/strong> : 49 x 23 x 25 cm<\/p>\n<p><strong><u>Mat\u00e9riau<\/u><\/strong> : rPET<\/p>\n","protected":false},"featured_media":38318,"comment_status":"closed","ping_status":"closed","template":"","meta":{"inline_featured_image":false},"product_brand":[],"product_cat":[152,212,224,189],"product_tag":[],"class_list":{"0":"post-39265","1":"product","2":"type-product","3":"status-publish","4":"has-post-thumbnail","6":"product_cat-ecologie","7":"product_cat-sacs-ecologie","8":"product_cat-sacs-voyage","9":"product_cat-voyage","11":"first","12":"instock","13":"shipping-taxable","14":"purchasable","15":"product-type-simple"},"aioseo_notices":[],"_links":{"self":[{"href":"https:\/\/prestige-e.com\/fr\/wp-json\/wp\/v2\/product\/39265","targetHints":{"allow":["GET"]}}],"collection":[{"href":"https:\/\/prestige-e.com\/fr\/wp-json\/wp\/v2\/product"}],"about":[{"href":"https:\/\/prestige-e.com\/fr\/wp-json\/wp\/v2\/types\/product"}],"replies":[{"embeddable":true,"href":"https:\/\/prestige-e.com\/fr\/wp-json\/wp\/v2\/comments?post=39265"}],"wp:featuredmedia":[{"embeddable":true,"href":"https:\/\/prestige-e.com\/fr\/wp-json\/wp\/v2\/media\/38318"}],"wp:attachment":[{"href":"https:\/\/prestige-e.com\/fr\/wp-json\/wp\/v2\/media?parent=39265"}],"wp:term":[{"taxonomy":"product_brand","embeddable":true,"href":"https:\/\/prestige-e.com\/fr\/wp-json\/wp\/v2\/product_brand?post=39265"},{"taxonomy":"product_cat","embeddable":true,"href":"https:\/\/prestige-e.com\/fr\/wp-json\/wp\/v2\/product_cat?post=39265"},{"taxonomy":"product_tag","embeddable":true,"href":"https:\/\/prestige-e.com\/fr\/wp-json\/wp\/v2\/product_tag?post=39265"}],"curies":[{"name":"wp","href":"https:\/\/api.w.org\/{rel}","templated":true}]}}