{"id":39264,"date":"2024-07-22T12:32:27","date_gmt":"2024-07-22T10:32:27","guid":{"rendered":"https:\/\/prestige-e.com\/product\/haut-parleur-mini-xboy\/"},"modified":"2025-11-27T13:26:23","modified_gmt":"2025-11-27T12:26:23","slug":"haut-parleur-mini-xboy","status":"publish","type":"product","link":"https:\/\/prestige-e.com\/fr\/produit\/haut-parleur-mini-xboy\/","title":{"rendered":"Haut-parleur Mini xboy"},"content":{"rendered":"","protected":false},"excerpt":{"rendered":"<p>La mascotte Xoopar ! Faites une pause musicale avec le haut-parleur Mini Xboy o\u00f9 que vous soyez et surprenez vos amis avec toutes les fonctionnalit\u00e9s qu&rsquo;il a \u00e0 offrir ! Les d\u00e9tails : Autonomie de la batterie de 4 heures de musique en continu Puissance : 3 Watts Activez le Bluetooth sur votre smartphone (ou ordinateur) puis appairez-le avec votre XBOY Visage multi-LED \u00e9clair\u00e9 et dragonne int\u00e9gr\u00e9e qui vous permet de l&rsquo;accrocher n&rsquo;importe o\u00f9 Capturez vos meilleurs moments avec la t\u00e9l\u00e9commande selfie int\u00e9gr\u00e9e Appairez 2 Mini XBoys et obtenez un son st\u00e9r\u00e9o 360\u00b0 ! Comprend des autocollants emoji, vous permettant de personnaliser votre produit \u00e0 votre fa\u00e7on ! Garantie de 2 ans Le haut-parleur Bluetooth iconique Xoopar a \u00e9t\u00e9 revisit\u00e9 pour s&rsquo;adapter \u00e0 une approche ax\u00e9e sur le progr\u00e8s. Nous vous disons tout : Emballage en papier certifi\u00e9 FSC provenant d&rsquo;une exploitation foresti\u00e8re g\u00e9r\u00e9e durablement Additif Biosphere pour acc\u00e9l\u00e9rer la biod\u00e9gradabilit\u00e9 de la coque dans un environnement industriel Composition : 58% ABS 25% vinyle 10% PVC 5% RPET 2% Additif Biosphere Marquage : Fabriqu\u00e9 en France Encres certifi\u00e9es NF71.3 Tampographie 1 couleur et plus (num\u00e9rique) Possibilit\u00e9 de marquage des deux c\u00f4t\u00e9s     <\/p>\n<p><strong><u>Dimension<\/u><\/strong> : 7,3 \u00d7 6,7 \u00d7 5,6 cm<\/p>\n<p><strong><u>Mat\u00e9riau<\/u><\/strong> : ABS et rPET<\/p>\n","protected":false},"featured_media":38282,"comment_status":"closed","ping_status":"closed","template":"","meta":{"inline_featured_image":false},"product_brand":[],"product_cat":[175,214,223,174,152,189],"product_tag":[],"class_list":{"0":"post-39264","1":"product","2":"type-product","3":"status-publish","4":"has-post-thumbnail","6":"product_cat-appareils-art-de-vivre","7":"product_cat-appareils-ecologie","8":"product_cat-appareils-voyage","9":"product_cat-art-de-vivre","10":"product_cat-ecologie","11":"product_cat-voyage","13":"first","14":"instock","15":"shipping-taxable","16":"purchasable","17":"product-type-simple"},"aioseo_notices":[],"_links":{"self":[{"href":"https:\/\/prestige-e.com\/fr\/wp-json\/wp\/v2\/product\/39264","targetHints":{"allow":["GET"]}}],"collection":[{"href":"https:\/\/prestige-e.com\/fr\/wp-json\/wp\/v2\/product"}],"about":[{"href":"https:\/\/prestige-e.com\/fr\/wp-json\/wp\/v2\/types\/product"}],"replies":[{"embeddable":true,"href":"https:\/\/prestige-e.com\/fr\/wp-json\/wp\/v2\/comments?post=39264"}],"wp:featuredmedia":[{"embeddable":true,"href":"https:\/\/prestige-e.com\/fr\/wp-json\/wp\/v2\/media\/38282"}],"wp:attachment":[{"href":"https:\/\/prestige-e.com\/fr\/wp-json\/wp\/v2\/media?parent=39264"}],"wp:term":[{"taxonomy":"product_brand","embeddable":true,"href":"https:\/\/prestige-e.com\/fr\/wp-json\/wp\/v2\/product_brand?post=39264"},{"taxonomy":"product_cat","embeddable":true,"href":"https:\/\/prestige-e.com\/fr\/wp-json\/wp\/v2\/product_cat?post=39264"},{"taxonomy":"product_tag","embeddable":true,"href":"https:\/\/prestige-e.com\/fr\/wp-json\/wp\/v2\/product_tag?post=39264"}],"curies":[{"name":"wp","href":"https:\/\/api.w.org\/{rel}","templated":true}]}}