{"id":39263,"date":"2024-07-22T12:36:05","date_gmt":"2024-07-22T10:36:05","guid":{"rendered":"https:\/\/prestige-e.com\/product\/batterie-externe-magnetique-plastique-rcs-magnetix-5000mah\/"},"modified":"2025-11-27T13:26:22","modified_gmt":"2025-11-27T12:26:22","slug":"batterie-externe-magnetique-plastique-rcs-magnetix-5000mah","status":"publish","type":"product","link":"https:\/\/prestige-e.com\/fr\/produit\/batterie-externe-magnetique-plastique-rcs-magnetix-5000mah\/","title":{"rendered":"Batterie externe magn\u00e9tique plastique RCS magnetix 5000mAh"},"content":{"rendered":"","protected":false},"excerpt":{"rendered":"<p>Batterie externe 5000mAh avec chargeur sans fil magn\u00e9tique 5W. Le bo\u00eetier est fabriqu\u00e9 en plastique ABS recycl\u00e9 certifi\u00e9 RCS. Le RCS (Recycled Claim Standard) est une norme qui v\u00e9rifie le contenu recycl\u00e9 d&rsquo;un produit tout au long de la cha\u00eene d&rsquo;approvisionnement. Contenu recycl\u00e9 total : 20 % bas\u00e9 sur le poids total de l&rsquo;article. La batterie externe contient une batterie lithium-polym\u00e8re de classe A longue dur\u00e9e de 5000mAh. Les indicateurs de charge affichent le niveau d&rsquo;\u00e9nergie restant pour que vous sachiez toujours quand recharger. ; Entr\u00e9e Type-C 5V\/2,4A ; Sortie Type-C : 5V\/2A,4A L&rsquo;article et les accessoires sont sans PVC. C\u00e2ble de charge en TPE recycl\u00e9 certifi\u00e9 RCS inclus. Emball\u00e9 dans un emballage FSC\u00ae mix.        <\/p>\n<p><strong>Minimum order quantity required for this product:<\/strong><\/p>\n","protected":false},"featured_media":38315,"comment_status":"closed","ping_status":"closed","template":"","meta":{"inline_featured_image":false},"product_brand":[],"product_cat":[226,214,223,146,152,189],"product_tag":[],"class_list":{"0":"post-39263","1":"product","2":"type-product","3":"status-publish","4":"has-post-thumbnail","6":"product_cat-appareils-bureau","7":"product_cat-appareils-ecologie","8":"product_cat-appareils-voyage","9":"product_cat-articles-de-bureau","10":"product_cat-ecologie","11":"product_cat-voyage","13":"first","14":"instock","15":"shipping-taxable","16":"purchasable","17":"product-type-simple"},"aioseo_notices":[],"_links":{"self":[{"href":"https:\/\/prestige-e.com\/fr\/wp-json\/wp\/v2\/product\/39263","targetHints":{"allow":["GET"]}}],"collection":[{"href":"https:\/\/prestige-e.com\/fr\/wp-json\/wp\/v2\/product"}],"about":[{"href":"https:\/\/prestige-e.com\/fr\/wp-json\/wp\/v2\/types\/product"}],"replies":[{"embeddable":true,"href":"https:\/\/prestige-e.com\/fr\/wp-json\/wp\/v2\/comments?post=39263"}],"wp:featuredmedia":[{"embeddable":true,"href":"https:\/\/prestige-e.com\/fr\/wp-json\/wp\/v2\/media\/38315"}],"wp:attachment":[{"href":"https:\/\/prestige-e.com\/fr\/wp-json\/wp\/v2\/media?parent=39263"}],"wp:term":[{"taxonomy":"product_brand","embeddable":true,"href":"https:\/\/prestige-e.com\/fr\/wp-json\/wp\/v2\/product_brand?post=39263"},{"taxonomy":"product_cat","embeddable":true,"href":"https:\/\/prestige-e.com\/fr\/wp-json\/wp\/v2\/product_cat?post=39263"},{"taxonomy":"product_tag","embeddable":true,"href":"https:\/\/prestige-e.com\/fr\/wp-json\/wp\/v2\/product_tag?post=39263"}],"curies":[{"name":"wp","href":"https:\/\/api.w.org\/{rel}","templated":true}]}}