{"id":39248,"date":"2025-08-07T15:42:02","date_gmt":"2025-08-07T13:42:02","guid":{"rendered":"https:\/\/prestige-e.com\/product\/ray-clock\/"},"modified":"2025-11-27T13:26:17","modified_gmt":"2025-11-27T12:26:17","slug":"ray-clock","status":"publish","type":"product","link":"https:\/\/prestige-e.com\/fr\/produit\/ray-clock\/","title":{"rendered":"Ray Clock"},"content":{"rendered":"","protected":false},"excerpt":{"rendered":"<p>R\u00e9veil avec thermom\u00e8tre et hygrom\u00e8tre d&rsquo;int\u00e9rieur<br \/>\nIncliner pour activer\/d\u00e9sactiver l&rsquo;alarme<br \/>\n9 m\u00e9lodies et sons naturels<br \/>\nFonction r\u00e9p\u00e9tition<br \/>\nAffichage de la temp\u00e9rature int\u00e9rieure et de l&rsquo;humidit\u00e9 relative<br \/>\nAutonomie de la batterie : jusqu&rsquo;\u00e0 6 mois<br \/>\nTemps de charge : 4h<br \/>\nRechargeable via c\u00e2ble USB C inclus<br \/>\nAlimentation : adaptateur secteur USB 5V non inclus<\/p>\n<p><strong><u>Dimensions<\/u><\/strong> : 9 x 4,4 x 7,4 cm<\/p>\n<p><strong><u>Mat\u00e9riau<\/u><\/strong> : Aluminium et ABS<\/p>\n","protected":false},"featured_media":39704,"comment_status":"closed","ping_status":"closed","template":"","meta":{"inline_featured_image":false},"product_brand":[],"product_cat":[175],"product_tag":[],"class_list":{"0":"post-39248","1":"product","2":"type-product","3":"status-publish","4":"has-post-thumbnail","6":"product_cat-appareils-art-de-vivre","8":"first","9":"instock","10":"shipping-taxable","11":"purchasable","12":"product-type-simple"},"aioseo_notices":[],"_links":{"self":[{"href":"https:\/\/prestige-e.com\/fr\/wp-json\/wp\/v2\/product\/39248","targetHints":{"allow":["GET"]}}],"collection":[{"href":"https:\/\/prestige-e.com\/fr\/wp-json\/wp\/v2\/product"}],"about":[{"href":"https:\/\/prestige-e.com\/fr\/wp-json\/wp\/v2\/types\/product"}],"replies":[{"embeddable":true,"href":"https:\/\/prestige-e.com\/fr\/wp-json\/wp\/v2\/comments?post=39248"}],"wp:featuredmedia":[{"embeddable":true,"href":"https:\/\/prestige-e.com\/fr\/wp-json\/wp\/v2\/media\/39704"}],"wp:attachment":[{"href":"https:\/\/prestige-e.com\/fr\/wp-json\/wp\/v2\/media?parent=39248"}],"wp:term":[{"taxonomy":"product_brand","embeddable":true,"href":"https:\/\/prestige-e.com\/fr\/wp-json\/wp\/v2\/product_brand?post=39248"},{"taxonomy":"product_cat","embeddable":true,"href":"https:\/\/prestige-e.com\/fr\/wp-json\/wp\/v2\/product_cat?post=39248"},{"taxonomy":"product_tag","embeddable":true,"href":"https:\/\/prestige-e.com\/fr\/wp-json\/wp\/v2\/product_tag?post=39248"}],"curies":[{"name":"wp","href":"https:\/\/api.w.org\/{rel}","templated":true}]}}