{"id":39100,"date":"2023-03-14T10:47:06","date_gmt":"2023-03-14T09:47:06","guid":{"rendered":"https:\/\/prestige-e.com\/product\/stylo-higolf\/"},"modified":"2025-11-27T13:26:35","modified_gmt":"2025-11-27T12:26:35","slug":"stylo-higolf","status":"publish","type":"product","link":"https:\/\/prestige-e.com\/fr\/produit\/stylo-higolf\/","title":{"rendered":"Stylo higolf"},"content":{"rendered":"","protected":false},"excerpt":{"rendered":"<div class=\"woocommerce-product-details__short-description\">\n<p>Stylo \u00e0 bille en m\u00e9tal chrom\u00e9, avec corps rev\u00eatu de polyester RPET, fabriqu\u00e9 \u00e0 partir de plastique recycl\u00e9 pour encourager la r\u00e9utilisation des d\u00e9chets plastiques et contribuer \u00e0 la durabilit\u00e9 de la plan\u00e8te. Clip m\u00e9tallique \u00e9l\u00e9gant et accessoires assortis, m\u00e9canisme rotatif et encre bleue. Avec mention RPET distinctive sur le corps et pr\u00e9sent\u00e9 dans un \u00e9tui kraft avec manchon assorti.  <\/p>\n<p><strong><u>Dimension<\/u><\/strong> : 13,1 x 1 cm<\/p>\n<p><strong><u>Mat\u00e9riau<\/u><\/strong> : Polyester, RPET et m\u00e9tal<\/p>\n<\/div>\n","protected":false},"featured_media":39103,"comment_status":"closed","ping_status":"closed","template":"","meta":{"inline_featured_image":false},"product_brand":[],"product_cat":[146,178],"product_tag":[],"class_list":{"0":"post-39100","1":"product","2":"type-product","3":"status-publish","4":"has-post-thumbnail","6":"product_cat-articles-de-bureau","7":"product_cat-bureau-articles-de-bureau","9":"first","10":"instock","11":"shipping-taxable","12":"purchasable","13":"product-type-simple"},"aioseo_notices":[],"_links":{"self":[{"href":"https:\/\/prestige-e.com\/fr\/wp-json\/wp\/v2\/product\/39100","targetHints":{"allow":["GET"]}}],"collection":[{"href":"https:\/\/prestige-e.com\/fr\/wp-json\/wp\/v2\/product"}],"about":[{"href":"https:\/\/prestige-e.com\/fr\/wp-json\/wp\/v2\/types\/product"}],"replies":[{"embeddable":true,"href":"https:\/\/prestige-e.com\/fr\/wp-json\/wp\/v2\/comments?post=39100"}],"wp:featuredmedia":[{"embeddable":true,"href":"https:\/\/prestige-e.com\/fr\/wp-json\/wp\/v2\/media\/39103"}],"wp:attachment":[{"href":"https:\/\/prestige-e.com\/fr\/wp-json\/wp\/v2\/media?parent=39100"}],"wp:term":[{"taxonomy":"product_brand","embeddable":true,"href":"https:\/\/prestige-e.com\/fr\/wp-json\/wp\/v2\/product_brand?post=39100"},{"taxonomy":"product_cat","embeddable":true,"href":"https:\/\/prestige-e.com\/fr\/wp-json\/wp\/v2\/product_cat?post=39100"},{"taxonomy":"product_tag","embeddable":true,"href":"https:\/\/prestige-e.com\/fr\/wp-json\/wp\/v2\/product_tag?post=39100"}],"curies":[{"name":"wp","href":"https:\/\/api.w.org\/{rel}","templated":true}]}}