{"id":39089,"date":"2023-03-14T12:00:34","date_gmt":"2023-03-14T11:00:34","guid":{"rendered":"https:\/\/prestige-e.com\/product\/sac-a-dos-isotherme-vinga-sortino-trail\/"},"modified":"2025-11-27T13:26:33","modified_gmt":"2025-11-27T12:26:33","slug":"sac-a-dos-isotherme-vinga-sortino-trail","status":"publish","type":"product","link":"https:\/\/prestige-e.com\/fr\/produit\/sac-a-dos-isotherme-vinga-sortino-trail\/","title":{"rendered":"Sac \u00e0 dos isotherme VINGA sortino trail"},"content":{"rendered":"","protected":false},"excerpt":{"rendered":"<p>Sac \u00e0 dos isotherme parfaitement adapt\u00e9 aux petites comme aux grandes escapades. Ce sac \u00e0 dos isotherme dispose de petites poches sur les deux c\u00f4t\u00e9s et d&rsquo;une plus grande poche \u00e0 l&rsquo;avant. Il maintient efficacement le froid et son large orifice facilite le nettoyage.  <\/p>\n<p><strong><u>Dimensions<\/u><\/strong> : 30,5 x 15 x 36 cm<\/p>\n<p><strong><u>Mat\u00e9riau<\/u><\/strong> : Polyt\u00e9r\u00e9phtalate d&rsquo;\u00e9thyl\u00e8ne<\/p>\n","protected":false},"featured_media":39090,"comment_status":"closed","ping_status":"closed","template":"","meta":{"inline_featured_image":false},"product_brand":[],"product_cat":[174,219],"product_tag":[],"class_list":{"0":"post-39089","1":"product","2":"type-product","3":"status-publish","4":"has-post-thumbnail","6":"product_cat-art-de-vivre","7":"product_cat-sacs-art-de-vivre","9":"first","10":"instock","11":"shipping-taxable","12":"purchasable","13":"product-type-simple"},"aioseo_notices":[],"_links":{"self":[{"href":"https:\/\/prestige-e.com\/fr\/wp-json\/wp\/v2\/product\/39089","targetHints":{"allow":["GET"]}}],"collection":[{"href":"https:\/\/prestige-e.com\/fr\/wp-json\/wp\/v2\/product"}],"about":[{"href":"https:\/\/prestige-e.com\/fr\/wp-json\/wp\/v2\/types\/product"}],"replies":[{"embeddable":true,"href":"https:\/\/prestige-e.com\/fr\/wp-json\/wp\/v2\/comments?post=39089"}],"wp:featuredmedia":[{"embeddable":true,"href":"https:\/\/prestige-e.com\/fr\/wp-json\/wp\/v2\/media\/39090"}],"wp:attachment":[{"href":"https:\/\/prestige-e.com\/fr\/wp-json\/wp\/v2\/media?parent=39089"}],"wp:term":[{"taxonomy":"product_brand","embeddable":true,"href":"https:\/\/prestige-e.com\/fr\/wp-json\/wp\/v2\/product_brand?post=39089"},{"taxonomy":"product_cat","embeddable":true,"href":"https:\/\/prestige-e.com\/fr\/wp-json\/wp\/v2\/product_cat?post=39089"},{"taxonomy":"product_tag","embeddable":true,"href":"https:\/\/prestige-e.com\/fr\/wp-json\/wp\/v2\/product_tag?post=39089"}],"curies":[{"name":"wp","href":"https:\/\/api.w.org\/{rel}","templated":true}]}}