{"id":39081,"date":"2023-03-14T10:53:59","date_gmt":"2023-03-14T09:53:59","guid":{"rendered":"https:\/\/prestige-e.com\/product\/clips-forsen-plus-anciens\/"},"modified":"2025-11-27T13:26:34","modified_gmt":"2025-11-27T12:26:34","slug":"clips-forsen-plus-anciens","status":"publish","type":"product","link":"https:\/\/prestige-e.com\/fr\/produit\/clips-forsen-plus-anciens\/","title":{"rendered":"Clips forsen plus anciens"},"content":{"rendered":"","protected":false},"excerpt":{"rendered":"<p>Bo\u00eete \u00e0 clips en verre transparent r\u00e9sistant, avec un design vintage original et un couvercle en li\u00e8ge naturel. Comprenant 15 clips en m\u00e9tal, pr\u00e9sent\u00e9s dans une bo\u00eete individuelle en carton kraft. <\/p>\n<p><strong><u>Dimension<\/u><\/strong> : 5,6 x 7,6 cm<\/p>\n<p><strong><u>Mat\u00e9riau<\/u><\/strong> : verre et li\u00e8ge<\/p>\n","protected":false},"featured_media":39084,"comment_status":"closed","ping_status":"closed","template":"","meta":{"inline_featured_image":false},"product_brand":[],"product_cat":[146,178],"product_tag":[],"class_list":{"0":"post-39081","1":"product","2":"type-product","3":"status-publish","4":"has-post-thumbnail","6":"product_cat-articles-de-bureau","7":"product_cat-bureau-articles-de-bureau","9":"first","10":"instock","11":"shipping-taxable","12":"purchasable","13":"product-type-simple"},"aioseo_notices":[],"_links":{"self":[{"href":"https:\/\/prestige-e.com\/fr\/wp-json\/wp\/v2\/product\/39081","targetHints":{"allow":["GET"]}}],"collection":[{"href":"https:\/\/prestige-e.com\/fr\/wp-json\/wp\/v2\/product"}],"about":[{"href":"https:\/\/prestige-e.com\/fr\/wp-json\/wp\/v2\/types\/product"}],"replies":[{"embeddable":true,"href":"https:\/\/prestige-e.com\/fr\/wp-json\/wp\/v2\/comments?post=39081"}],"wp:featuredmedia":[{"embeddable":true,"href":"https:\/\/prestige-e.com\/fr\/wp-json\/wp\/v2\/media\/39084"}],"wp:attachment":[{"href":"https:\/\/prestige-e.com\/fr\/wp-json\/wp\/v2\/media?parent=39081"}],"wp:term":[{"taxonomy":"product_brand","embeddable":true,"href":"https:\/\/prestige-e.com\/fr\/wp-json\/wp\/v2\/product_brand?post=39081"},{"taxonomy":"product_cat","embeddable":true,"href":"https:\/\/prestige-e.com\/fr\/wp-json\/wp\/v2\/product_cat?post=39081"},{"taxonomy":"product_tag","embeddable":true,"href":"https:\/\/prestige-e.com\/fr\/wp-json\/wp\/v2\/product_tag?post=39081"}],"curies":[{"name":"wp","href":"https:\/\/api.w.org\/{rel}","templated":true}]}}