{"id":39078,"date":"2023-03-14T14:28:58","date_gmt":"2023-03-14T13:28:58","guid":{"rendered":"https:\/\/prestige-e.com\/product\/pince-en-acier-inoxydable\/"},"modified":"2025-11-27T13:26:31","modified_gmt":"2025-11-27T12:26:31","slug":"pince-en-acier-inoxydable","status":"publish","type":"product","link":"https:\/\/prestige-e.com\/fr\/produit\/pince-en-acier-inoxydable\/","title":{"rendered":"Pince en acier inoxydable"},"content":{"rendered":"","protected":false},"excerpt":{"rendered":"<p>Pince \u00e0 barbecue en acier inoxydable avec poign\u00e9es en bambou. M\u00e9canisme de verrouillage. Le bambou \u00e9tant un produit naturel, il peut y avoir de l\u00e9g\u00e8res variations de couleur et de taille par article, ce qui peut affecter le r\u00e9sultat final de la d\u00e9coration.  <\/p>\n<p><strong><u>Dimensions<\/u><\/strong> : 33 x 4 x 3,5 cm<\/p>\n<p><strong><u>Mat\u00e9riau<\/u><\/strong> : Acier inoxydable<\/p>\n","protected":false},"featured_media":39079,"comment_status":"closed","ping_status":"closed","template":"","meta":{"inline_featured_image":false},"product_brand":[],"product_cat":[174,220],"product_tag":[],"class_list":{"0":"post-39078","1":"product","2":"type-product","3":"status-publish","4":"has-post-thumbnail","6":"product_cat-art-de-vivre","7":"product_cat-salon-cuisine-art-de-vivre","9":"first","10":"instock","11":"shipping-taxable","12":"purchasable","13":"product-type-simple"},"aioseo_notices":[],"_links":{"self":[{"href":"https:\/\/prestige-e.com\/fr\/wp-json\/wp\/v2\/product\/39078","targetHints":{"allow":["GET"]}}],"collection":[{"href":"https:\/\/prestige-e.com\/fr\/wp-json\/wp\/v2\/product"}],"about":[{"href":"https:\/\/prestige-e.com\/fr\/wp-json\/wp\/v2\/types\/product"}],"replies":[{"embeddable":true,"href":"https:\/\/prestige-e.com\/fr\/wp-json\/wp\/v2\/comments?post=39078"}],"wp:featuredmedia":[{"embeddable":true,"href":"https:\/\/prestige-e.com\/fr\/wp-json\/wp\/v2\/media\/39079"}],"wp:attachment":[{"href":"https:\/\/prestige-e.com\/fr\/wp-json\/wp\/v2\/media?parent=39078"}],"wp:term":[{"taxonomy":"product_brand","embeddable":true,"href":"https:\/\/prestige-e.com\/fr\/wp-json\/wp\/v2\/product_brand?post=39078"},{"taxonomy":"product_cat","embeddable":true,"href":"https:\/\/prestige-e.com\/fr\/wp-json\/wp\/v2\/product_cat?post=39078"},{"taxonomy":"product_tag","embeddable":true,"href":"https:\/\/prestige-e.com\/fr\/wp-json\/wp\/v2\/product_tag?post=39078"}],"curies":[{"name":"wp","href":"https:\/\/api.w.org\/{rel}","templated":true}]}}