{"id":39071,"date":"2023-03-14T12:28:20","date_gmt":"2023-03-14T11:28:20","guid":{"rendered":"https:\/\/prestige-e.com\/product\/gant-de-cuisine-vinga-asado\/"},"modified":"2025-11-27T13:26:32","modified_gmt":"2025-11-27T12:26:32","slug":"gant-de-cuisine-vinga-asado","status":"publish","type":"product","link":"https:\/\/prestige-e.com\/fr\/produit\/gant-de-cuisine-vinga-asado\/","title":{"rendered":"Gant de cuisine Vinga asado"},"content":{"rendered":"","protected":false},"excerpt":{"rendered":"<p>Gant de cuisine pratique et \u00e9l\u00e9gant en toile de coton. G\u00e9n\u00e9reusement rembourr\u00e9 pour prot\u00e9ger vos mains lorsque vous transportez des plats chauds de la cuisine \u00e0 la table. Vous pouvez suspendre ce gant de cuisine \u00e9l\u00e9gant dans votre cuisine gr\u00e2ce \u00e0 sa boucle pratique lorsque vous ne l&rsquo;utilisez pas &#8211; pr\u00eat \u00e0 \u00eatre saisi lorsque vous vous appr\u00eatez \u00e0 sortir un plat br\u00fblant ! Convient aux utilisateurs droitiers et gauchers.   <\/p>\n<p><strong><u>Dimensions<\/u><\/strong> : 16 x 29,5 x 3 cm<\/p>\n<p><strong><u>Mat\u00e9riau<\/u><\/strong> : coton<\/p>\n","protected":false},"featured_media":39074,"comment_status":"closed","ping_status":"closed","template":"","meta":{"inline_featured_image":false},"product_brand":[],"product_cat":[174,220],"product_tag":[],"class_list":{"0":"post-39071","1":"product","2":"type-product","3":"status-publish","4":"has-post-thumbnail","6":"product_cat-art-de-vivre","7":"product_cat-salon-cuisine-art-de-vivre","9":"first","10":"instock","11":"shipping-taxable","12":"purchasable","13":"product-type-simple"},"aioseo_notices":[],"_links":{"self":[{"href":"https:\/\/prestige-e.com\/fr\/wp-json\/wp\/v2\/product\/39071","targetHints":{"allow":["GET"]}}],"collection":[{"href":"https:\/\/prestige-e.com\/fr\/wp-json\/wp\/v2\/product"}],"about":[{"href":"https:\/\/prestige-e.com\/fr\/wp-json\/wp\/v2\/types\/product"}],"replies":[{"embeddable":true,"href":"https:\/\/prestige-e.com\/fr\/wp-json\/wp\/v2\/comments?post=39071"}],"wp:featuredmedia":[{"embeddable":true,"href":"https:\/\/prestige-e.com\/fr\/wp-json\/wp\/v2\/media\/39074"}],"wp:attachment":[{"href":"https:\/\/prestige-e.com\/fr\/wp-json\/wp\/v2\/media?parent=39071"}],"wp:term":[{"taxonomy":"product_brand","embeddable":true,"href":"https:\/\/prestige-e.com\/fr\/wp-json\/wp\/v2\/product_brand?post=39071"},{"taxonomy":"product_cat","embeddable":true,"href":"https:\/\/prestige-e.com\/fr\/wp-json\/wp\/v2\/product_cat?post=39071"},{"taxonomy":"product_tag","embeddable":true,"href":"https:\/\/prestige-e.com\/fr\/wp-json\/wp\/v2\/product_tag?post=39071"}],"curies":[{"name":"wp","href":"https:\/\/api.w.org\/{rel}","templated":true}]}}